{"id":5420,"date":"2025-08-19T13:51:14","date_gmt":"2025-08-19T13:51:14","guid":{"rendered":"https:\/\/polishfighters.pl\/?post_type=product&#038;p=5420"},"modified":"2026-03-09T00:59:55","modified_gmt":"2026-03-09T00:59:55","slug":"kask-bokserski-sparingowy-raptor-pro-green","status":"publish","type":"product","link":"https:\/\/polishfighters.pl\/en\/product\/kask-bokserski-sparingowy-raptor-pro-green\/","title":{"rendered":"HELMET BOKSERSKI SPARINGOWY RAPTOR PRO GREEN"},"content":{"rendered":"<p><strong>HELMET BOKSERSKI SPARINGOWY RAPTOR PRO GREEN<\/strong> to wysokiej jako\u015bci produkt marki POLISH FIGHTERS dla prawdziwych wojownik\u00f3w.<\/p>\n<p>Wykonany z najwy\u017cszej jako\u015bci sk\u00f3ry naturalnej, zapewnia trwa\u0142o\u015b\u0107 i profesjonalne w\u0142a\u015bciwo\u015bci. Starannie wykonane zdobienie zapewnia trwa\u0142o\u015b\u0107 i estetyczny wygl\u0105d na lata.  Wyj\u0105tkowy czarny \/ zielony neon kolor sprawia, \u017ce produkt pasuje do r\u00f3\u017cnych stylizacji \u2013 zar\u00f3wno treningowych, jak i casualowych.<\/p>\n<p><strong>Kluczowe cechy produktu:<\/strong><\/p>\n<ul>\n<li>Materia\u0142: 100 % Sk\u00f3ra<\/li>\n<li>Idealny do trening\u00f3w MMA, boksu, kickboxingu i na co dzie\u0144<\/li>\n<\/ul>\n<p>Produkt idealnie sprawdzi si\u0119 podczas trening\u00f3w sport\u00f3w walki, sesji fitness oraz codziennego noszenia w sportowym stylu.<\/p>\n<p>Marka POLISH FIGHTERS \u0142\u0105czy polsk\u0105 tradycj\u0119 fightwear z nowoczesnym designem. Tworzymy odzie\u017c i sprz\u0119t dla tych, kt\u00f3rzy traktuj\u0105 sporty walki jako styl \u017cycia.<\/p>\n<p><strong>Nie czekaj \u2013 zam\u00f3w ju\u017c dzi\u015b i poczuj r\u00f3\u017cnic\u0119!<\/strong><\/p>","protected":false},"excerpt":{"rendered":"<p><!--StartFragment --><\/p>\n<p class=\"pf0\"><span class=\"cf0\">Solidn<\/span><span class=\"cf1\">y<\/span><span class=\"cf0\"> kask bokserskie wykonane ze sk\u00f3ry naturalnej. Chroni g\u0142ow\u0119 przed uderzeniami, jednocze\u015bnie zapewniaj\u0105c szerokie pole widzenia i komfort noszenia. Idealn<\/span><span class=\"cf1\">y<\/span><span class=\"cf0\"> na sparingi i treningi kontaktowe w boksie, MMA czy kickboxingu. <\/span><span class=\"cf1\">Pe<\/span><span class=\"cf1\">\u0142na ochrona, b<\/span><span class=\"cf0\">ezpiecze\u0144stwo i wytrzyma\u0142o\u015b\u0107 w jednym.<\/span><\/p>\n<p class=\"pf0\"><span class=\"cf0\">POLISHFIGHTERS &#8211; CHOD\u0179 NA TRENING.<\/span><\/p>\n<hr class=\"\" data-start=\"548\" data-end=\"551\" \/>\n<p class=\"pf0\"><span class=\"cf0\">Cechy produktu:<\/span><\/p>\n<ul>\n<li class=\"pf0\"><span class=\"cf0\">Materia\u0142: 100 % Sk\u00f3ra<\/span><\/li>\n<li class=\"pf0\"><span class=\"cf0\">Kolor: czarny \/ zielony neon<\/span><\/li>\n<li class=\"pf0\"><span class=\"cf0\">Zapi\u0119cie: rzep<\/span><\/li>\n<li class=\"pf0\"><span class=\"cf0\">Ochrona: pe\u0142na<\/span><\/li>\n<li class=\"pf0\"><span class=\"cf0\">Przeznaczenie: sparing profesjonalny<\/span><\/li>\n<li class=\"pf0\"><span class=\"cf0\">Wyko\u0144czenie: Grafika<\/span><\/li>\n<li class=\"pf0\"><span class=\"cf0\">Model: &#8221; RAPTOR PRO &#8222;<\/span><\/li>\n<li class=\"pf0\"><span class=\"cf0\">Kod produktu: PF-BOX-25-M-G-3<\/span><\/li>\n<\/ul>\n<p><!--EndFragment --><\/p>","protected":false},"featured_media":5281,"comment_status":"closed","ping_status":"closed","template":"","meta":{"_uag_custom_page_level_css":"","site-sidebar-layout":"default","site-content-layout":"","ast-site-content-layout":"default","site-content-style":"default","site-sidebar-style":"default","ast-global-header-display":"","ast-banner-title-visibility":"","ast-main-header-display":"","ast-hfb-above-header-display":"","ast-hfb-below-header-display":"","ast-hfb-mobile-header-display":"","site-post-title":"","ast-breadcrumbs-content":"","ast-featured-img":"","footer-sml-layout":"","theme-transparent-header-meta":"default","adv-header-id-meta":"","stick-header-meta":"","header-above-stick-meta":"","header-main-stick-meta":"","header-below-stick-meta":"","astra-migrate-meta-layouts":"set","ast-page-background-enabled":"default","ast-page-background-meta":{"desktop":{"background-color":"","background-image":"","background-repeat":"repeat","background-position":"center center","background-size":"auto","background-attachment":"scroll","background-type":"","background-media":"","overlay-type":"","overlay-color":"","overlay-opacity":"","overlay-gradient":""},"tablet":{"background-color":"","background-image":"","background-repeat":"repeat","background-position":"center center","background-size":"auto","background-attachment":"scroll","background-type":"","background-media":"","overlay-type":"","overlay-color":"","overlay-opacity":"","overlay-gradient":""},"mobile":{"background-color":"","background-image":"","background-repeat":"repeat","background-position":"center center","background-size":"auto","background-attachment":"scroll","background-type":"","background-media":"","overlay-type":"","overlay-color":"","overlay-opacity":"","overlay-gradient":""}},"ast-content-background-meta":{"desktop":{"background-color":"var(--ast-global-color-5)","background-image":"","background-repeat":"repeat","background-position":"center center","background-size":"auto","background-attachment":"scroll","background-type":"","background-media":"","overlay-type":"","overlay-color":"","overlay-opacity":"","overlay-gradient":""},"tablet":{"background-color":"var(--ast-global-color-5)","background-image":"","background-repeat":"repeat","background-position":"center center","background-size":"auto","background-attachment":"scroll","background-type":"","background-media":"","overlay-type":"","overlay-color":"","overlay-opacity":"","overlay-gradient":""},"mobile":{"background-color":"var(--ast-global-color-5)","background-image":"","background-repeat":"repeat","background-position":"center center","background-size":"auto","background-attachment":"scroll","background-type":"","background-media":"","overlay-type":"","overlay-color":"","overlay-opacity":"","overlay-gradient":""}}},"product_brand":[55],"product_cat":[96],"product_tag":[],"class_list":{"0":"post-5420","1":"product","2":"type-product","3":"status-publish","4":"has-post-thumbnail","6":"product_brand-pf","7":"product_cat-kaski-bokserskie","8":"desktop-align-left","9":"tablet-align-left","10":"mobile-align-left","12":"first","13":"instock","14":"shipping-taxable","15":"purchasable","16":"product-type-variable"},"aioseo_notices":[],"uagb_featured_image_src":{"full":["https:\/\/polishfighters.pl\/wp-content\/uploads\/2025\/08\/5-2opc-scaled.jpg",1706,2560,false],"thumbnail":["https:\/\/polishfighters.pl\/wp-content\/uploads\/2025\/08\/5-2opc-150x150.jpg",150,150,true],"medium":["https:\/\/polishfighters.pl\/wp-content\/uploads\/2025\/08\/5-2opc-200x300.jpg",200,300,true],"medium_large":["https:\/\/polishfighters.pl\/wp-content\/uploads\/2025\/08\/5-2opc-768x1152.jpg",768,1152,true],"large":["https:\/\/polishfighters.pl\/wp-content\/uploads\/2025\/08\/5-2opc-683x1024.jpg",683,1024,true],"1536x1536":["https:\/\/polishfighters.pl\/wp-content\/uploads\/2025\/08\/5-2opc-1024x1536.jpg",1024,1536,true],"2048x2048":["https:\/\/polishfighters.pl\/wp-content\/uploads\/2025\/08\/5-2opc-1365x2048.jpg",1365,2048,true],"trp-custom-language-flag":["https:\/\/polishfighters.pl\/wp-content\/uploads\/2025\/08\/5-2opc-scaled.jpg",8,12,false],"woocommerce_thumbnail":["https:\/\/polishfighters.pl\/wp-content\/uploads\/2025\/08\/5-2opc-300x300.jpg",300,300,true],"woocommerce_single":["https:\/\/polishfighters.pl\/wp-content\/uploads\/2025\/08\/5-2opc-600x900.jpg",600,900,true],"woocommerce_gallery_thumbnail":["https:\/\/polishfighters.pl\/wp-content\/uploads\/2025\/08\/5-2opc-100x100.jpg",100,100,true]},"uagb_author_info":{"display_name":"Lukasz","author_link":"https:\/\/polishfighters.pl\/en\/author\/"},"uagb_comment_info":0,"uagb_excerpt":"Solidny kask bokserskie wykonane ze sk\u00f3ry naturalnej. Chroni g\u0142ow\u0119 przed uderzeniami, jednocze\u015bnie zapewniaj\u0105c szerokie pole widzenia i komfort noszenia. Idealny na sparingi i treningi kontaktowe w boksie, MMA czy kickboxingu. Pe\u0142na ochrona, bezpiecze\u0144stwo i wytrzyma\u0142o\u015b\u0107 w jednym. POLISHFIGHTERS - CHOD\u0179 NA TRENING. Cechy produktu: Materia\u0142: 100 % Sk\u00f3ra Kolor: czarny \/ zielony neon Zapi\u0119cie: rzep&hellip;","_links":{"self":[{"href":"https:\/\/polishfighters.pl\/en\/wp-json\/wp\/v2\/product\/5420","targetHints":{"allow":["GET"]}}],"collection":[{"href":"https:\/\/polishfighters.pl\/en\/wp-json\/wp\/v2\/product"}],"about":[{"href":"https:\/\/polishfighters.pl\/en\/wp-json\/wp\/v2\/types\/product"}],"replies":[{"embeddable":true,"href":"https:\/\/polishfighters.pl\/en\/wp-json\/wp\/v2\/comments?post=5420"}],"wp:featuredmedia":[{"embeddable":true,"href":"https:\/\/polishfighters.pl\/en\/wp-json\/wp\/v2\/media\/5281"}],"wp:attachment":[{"href":"https:\/\/polishfighters.pl\/en\/wp-json\/wp\/v2\/media?parent=5420"}],"wp:term":[{"taxonomy":"product_brand","embeddable":true,"href":"https:\/\/polishfighters.pl\/en\/wp-json\/wp\/v2\/product_brand?post=5420"},{"taxonomy":"product_cat","embeddable":true,"href":"https:\/\/polishfighters.pl\/en\/wp-json\/wp\/v2\/product_cat?post=5420"},{"taxonomy":"product_tag","embeddable":true,"href":"https:\/\/polishfighters.pl\/en\/wp-json\/wp\/v2\/product_tag?post=5420"}],"curies":[{"name":"wp","href":"https:\/\/api.w.org\/{rel}","templated":true}]}}