{"id":5408,"date":"2025-08-19T13:51:13","date_gmt":"2025-08-19T13:51:13","guid":{"rendered":"https:\/\/polishfighters.pl\/?post_type=product&#038;p=5408"},"modified":"2026-03-09T00:59:55","modified_gmt":"2026-03-09T00:59:55","slug":"ochraniacze-piszczeli-raptor-pro-green","status":"publish","type":"product","link":"https:\/\/polishfighters.pl\/en\/product\/ochraniacze-piszczeli-raptor-pro-green\/","title":{"rendered":"OCHRANIACZE PISZCZELI RAPTOR PRO GREEN"},"content":{"rendered":"<p><strong>OCHRANIACZE PISZCZELI RAPTOR PRO GREEN<\/strong> to propozycja dla aktywnych os\u00f3b szukaj\u0105cych niezawodnego sprz\u0119tu treningowego.<\/p>\n<p>Wykonany z najwy\u017cszej jako\u015bci sk\u00f3ry naturalnej, zapewnia trwa\u0142o\u015b\u0107 i profesjonalne w\u0142a\u015bciwo\u015bci. Starannie wykonane zdobienie zapewnia trwa\u0142o\u015b\u0107 i estetyczny wygl\u0105d na lata.  Charakterystyczny czarny \/ zielony neon kolor sprawia, \u017ce produkt pasuje do r\u00f3\u017cnych stylizacji \u2013 zar\u00f3wno treningowych, jak i casualowych.<\/p>\n<p><strong>Kluczowe cechy produktu:<\/strong><\/p>\n<ul>\n<li>Materia\u0142: 100 % Sk\u00f3ra<\/li>\n<li>Idealny do trening\u00f3w MMA, boksu, kickboxingu i na co dzie\u0144<\/li>\n<\/ul>\n<p>Produkt idealnie sprawdzi si\u0119 podczas trening\u00f3w sport\u00f3w walki, sesji fitness oraz codziennego noszenia w sportowym stylu.<\/p>\n<p>Marka POLISH FIGHTERS \u0142\u0105czy polsk\u0105 tradycj\u0119 fightwear z nowoczesnym designem. Tworzymy odzie\u017c i sprz\u0119t dla tych, kt\u00f3rzy traktuj\u0105 sporty walki jako styl \u017cycia.<\/p>\n<p><strong>Do\u0142\u0105cz do grona wojownik\u00f3w \u2013 zam\u00f3w sw\u00f3j zestaw!<\/strong><\/p>","protected":false},"excerpt":{"rendered":"<p class=\"pf0\"><span class=\"cf0\">Profesjonalne ochraniacze piszczeli do <\/span><span class=\"cf0\">Muay<\/span> <span class=\"cf0\">Thai<\/span><span class=\"cf0\">, kickboxingu i MMA. Wykonane ze sk\u00f3ry bydl\u0119cej, z mocnym wype\u0142nieniem i stabilnymi zapi\u0119ciami. Zapewniaj\u0105 pe\u0142n\u0105 ochron\u0119 podczas mocnych sparing\u00f3w, a jednocze\u015bnie nie kr\u0119puj\u0105 ruch\u00f3w. Lekkie, wygodne i odporne na uszkodzenia.<\/span><\/p>\n<p class=\"pf0\"><span class=\"cf0\">POLISHFIGHTERS &#8211; CHOD\u0179 NA TRENING.<\/span><\/p>\n<hr class=\"\" data-start=\"548\" data-end=\"551\" \/>\n<p class=\"pf0\"><span class=\"cf0\">Cechy produktu:<\/span><\/p>\n<ul>\n<li class=\"pf0\"><span class=\"cf0\">Materia\u0142: 100 % Sk\u00f3ra<\/span><\/li>\n<li class=\"pf0\"><span class=\"cf0\">Kolor: czarny \/ zielony neon<\/span><\/li>\n<li class=\"pf0\"><span class=\"cf0\">Zapi\u0119cie: rzep<\/span><\/li>\n<li class=\"pf0\"><span class=\"cf1\">Ochrona: pe\u0142na<\/span><\/li>\n<li class=\"pf0\"><span class=\"cf0\">Przeznaczenie: <\/span><span class=\"cf1\">sparing profesjonalny<\/span><\/li>\n<li class=\"pf0\"><span class=\"cf0\">Wyko\u0144czenie: Grafika<\/span><\/li>\n<li class=\"pf0\"><span class=\"cf0\">Model: &#8221; RAPTOR PRO &#8222;<\/span><\/li>\n<li class=\"pf0\"><span class=\"cf0\">Kod produktu: PF-MMA-25-M-G-3<\/span><\/li>\n<\/ul>","protected":false},"featured_media":5288,"comment_status":"closed","ping_status":"closed","template":"","meta":{"_uag_custom_page_level_css":"","site-sidebar-layout":"default","site-content-layout":"","ast-site-content-layout":"default","site-content-style":"default","site-sidebar-style":"default","ast-global-header-display":"","ast-banner-title-visibility":"","ast-main-header-display":"","ast-hfb-above-header-display":"","ast-hfb-below-header-display":"","ast-hfb-mobile-header-display":"","site-post-title":"","ast-breadcrumbs-content":"","ast-featured-img":"","footer-sml-layout":"","theme-transparent-header-meta":"default","adv-header-id-meta":"","stick-header-meta":"","header-above-stick-meta":"","header-main-stick-meta":"","header-below-stick-meta":"","astra-migrate-meta-layouts":"set","ast-page-background-enabled":"default","ast-page-background-meta":{"desktop":{"background-color":"","background-image":"","background-repeat":"repeat","background-position":"center center","background-size":"auto","background-attachment":"scroll","background-type":"","background-media":"","overlay-type":"","overlay-color":"","overlay-opacity":"","overlay-gradient":""},"tablet":{"background-color":"","background-image":"","background-repeat":"repeat","background-position":"center center","background-size":"auto","background-attachment":"scroll","background-type":"","background-media":"","overlay-type":"","overlay-color":"","overlay-opacity":"","overlay-gradient":""},"mobile":{"background-color":"","background-image":"","background-repeat":"repeat","background-position":"center center","background-size":"auto","background-attachment":"scroll","background-type":"","background-media":"","overlay-type":"","overlay-color":"","overlay-opacity":"","overlay-gradient":""}},"ast-content-background-meta":{"desktop":{"background-color":"var(--ast-global-color-5)","background-image":"","background-repeat":"repeat","background-position":"center center","background-size":"auto","background-attachment":"scroll","background-type":"","background-media":"","overlay-type":"","overlay-color":"","overlay-opacity":"","overlay-gradient":""},"tablet":{"background-color":"var(--ast-global-color-5)","background-image":"","background-repeat":"repeat","background-position":"center center","background-size":"auto","background-attachment":"scroll","background-type":"","background-media":"","overlay-type":"","overlay-color":"","overlay-opacity":"","overlay-gradient":""},"mobile":{"background-color":"var(--ast-global-color-5)","background-image":"","background-repeat":"repeat","background-position":"center center","background-size":"auto","background-attachment":"scroll","background-type":"","background-media":"","overlay-type":"","overlay-color":"","overlay-opacity":"","overlay-gradient":""}}},"product_brand":[55],"product_cat":[97],"product_tag":[],"class_list":{"0":"post-5408","1":"product","2":"type-product","3":"status-publish","4":"has-post-thumbnail","6":"product_brand-pf","7":"product_cat-ochraniacze-piszczeli","8":"desktop-align-left","9":"tablet-align-left","10":"mobile-align-left","12":"first","13":"outofstock","14":"shipping-taxable","15":"purchasable","16":"product-type-variable"},"aioseo_notices":[],"uagb_featured_image_src":{"full":["https:\/\/polishfighters.pl\/wp-content\/uploads\/2025\/08\/3-2-scaled.jpg",1707,2560,false],"thumbnail":["https:\/\/polishfighters.pl\/wp-content\/uploads\/2025\/08\/3-2-150x150.jpg",150,150,true],"medium":["https:\/\/polishfighters.pl\/wp-content\/uploads\/2025\/08\/3-2-200x300.jpg",200,300,true],"medium_large":["https:\/\/polishfighters.pl\/wp-content\/uploads\/2025\/08\/3-2-768x1152.jpg",768,1152,true],"large":["https:\/\/polishfighters.pl\/wp-content\/uploads\/2025\/08\/3-2-683x1024.jpg",683,1024,true],"1536x1536":["https:\/\/polishfighters.pl\/wp-content\/uploads\/2025\/08\/3-2-1024x1536.jpg",1024,1536,true],"2048x2048":["https:\/\/polishfighters.pl\/wp-content\/uploads\/2025\/08\/3-2-1365x2048.jpg",1365,2048,true],"trp-custom-language-flag":["https:\/\/polishfighters.pl\/wp-content\/uploads\/2025\/08\/3-2-scaled.jpg",8,12,false],"woocommerce_thumbnail":["https:\/\/polishfighters.pl\/wp-content\/uploads\/2025\/08\/3-2-300x300.jpg",300,300,true],"woocommerce_single":["https:\/\/polishfighters.pl\/wp-content\/uploads\/2025\/08\/3-2-600x900.jpg",600,900,true],"woocommerce_gallery_thumbnail":["https:\/\/polishfighters.pl\/wp-content\/uploads\/2025\/08\/3-2-100x100.jpg",100,100,true]},"uagb_author_info":{"display_name":"Lukasz","author_link":"https:\/\/polishfighters.pl\/en\/author\/"},"uagb_comment_info":0,"uagb_excerpt":"Profesjonalne ochraniacze piszczeli do Muay Thai, kickboxingu i MMA. Wykonane ze sk\u00f3ry bydl\u0119cej, z mocnym wype\u0142nieniem i stabilnymi zapi\u0119ciami. Zapewniaj\u0105 pe\u0142n\u0105 ochron\u0119 podczas mocnych sparing\u00f3w, a jednocze\u015bnie nie kr\u0119puj\u0105 ruch\u00f3w. Lekkie, wygodne i odporne na uszkodzenia. POLISHFIGHTERS - CHOD\u0179 NA TRENING. Cechy produktu: Materia\u0142: 100 % Sk\u00f3ra Kolor: czarny \/ zielony neon Zapi\u0119cie: rzep Ochrona:&hellip;","_links":{"self":[{"href":"https:\/\/polishfighters.pl\/en\/wp-json\/wp\/v2\/product\/5408","targetHints":{"allow":["GET"]}}],"collection":[{"href":"https:\/\/polishfighters.pl\/en\/wp-json\/wp\/v2\/product"}],"about":[{"href":"https:\/\/polishfighters.pl\/en\/wp-json\/wp\/v2\/types\/product"}],"replies":[{"embeddable":true,"href":"https:\/\/polishfighters.pl\/en\/wp-json\/wp\/v2\/comments?post=5408"}],"wp:featuredmedia":[{"embeddable":true,"href":"https:\/\/polishfighters.pl\/en\/wp-json\/wp\/v2\/media\/5288"}],"wp:attachment":[{"href":"https:\/\/polishfighters.pl\/en\/wp-json\/wp\/v2\/media?parent=5408"}],"wp:term":[{"taxonomy":"product_brand","embeddable":true,"href":"https:\/\/polishfighters.pl\/en\/wp-json\/wp\/v2\/product_brand?post=5408"},{"taxonomy":"product_cat","embeddable":true,"href":"https:\/\/polishfighters.pl\/en\/wp-json\/wp\/v2\/product_cat?post=5408"},{"taxonomy":"product_tag","embeddable":true,"href":"https:\/\/polishfighters.pl\/en\/wp-json\/wp\/v2\/product_tag?post=5408"}],"curies":[{"name":"wp","href":"https:\/\/api.w.org\/{rel}","templated":true}]}}