{"id":5390,"date":"2025-08-19T13:51:12","date_gmt":"2025-08-19T13:51:12","guid":{"rendered":"https:\/\/polishfighters.pl\/?post_type=product&#038;p=5390"},"modified":"2026-03-09T00:59:55","modified_gmt":"2026-03-09T00:59:55","slug":"rekawice-do-mma-buleczki-raptor-pro-green","status":"publish","type":"product","link":"https:\/\/polishfighters.pl\/en\/product\/rekawice-do-mma-buleczki-raptor-pro-green\/","title":{"rendered":"MMA GRAPPLING GLOVES RAPTOR PRO GREEN"},"content":{"rendered":"<p><strong>MMA GRAPPLING GLOVES RAPTOR PRO GREEN<\/strong> to profesjonalny sprz\u0119t treningowy dla wymagaj\u0105cych zawodnik\u00f3w.<\/p>\n<p>Wykonany z najwy\u017cszej jako\u015bci sk\u00f3ry naturalnej, zapewnia trwa\u0142o\u015b\u0107 i profesjonalne w\u0142a\u015bciwo\u015bci. Starannie wykonane zdobienie zapewnia trwa\u0142o\u015b\u0107 i estetyczny wygl\u0105d na lata.  Atrakcyjny czarny \/ zielony neon kolor sprawia, \u017ce produkt pasuje do r\u00f3\u017cnych stylizacji \u2013 zar\u00f3wno treningowych, jak i casualowych.<\/p>\n<p><strong>Kluczowe cechy produktu:<\/strong><\/p>\n<ul>\n<li>Materia\u0142: 100 % Sk\u00f3ra<\/li>\n<li>Anatomiczny kszta\u0142t dla optymalnego dopasowania<\/li>\n<li>Wielowarstwowa pianka amortyzuj\u0105ca<\/li>\n<li>Idealny do trening\u00f3w MMA, boksu, kickboxingu i na co dzie\u0144<\/li>\n<\/ul>\n<p>Produkt idealnie sprawdzi si\u0119 podczas boksu, kickboxingu, Muay Thai i MMA. Profesjonalny sprz\u0119t dla amator\u00f3w i zawodnik\u00f3w.<\/p>\n<p>POLISH FIGHTERS to synonim jako\u015bci w polskim fightwear. Nasze produkty s\u0105 projektowane i testowane przez zawodnik\u00f3w, dla zawodnik\u00f3w.<\/p>\n<p><strong>Do\u0142\u0105cz do grona wojownik\u00f3w \u2013 zam\u00f3w sw\u00f3j zestaw!<\/strong><\/p>","protected":false},"excerpt":{"rendered":"<p><!--StartFragment --><\/p>\n<p class=\"pf0\"><span class=\"cf0\">Specjalistyczne r\u0119kawice MMA typu \u201ebu\u0142eczki\u201d, przeznaczone do mocnych uderze\u0144. W przeciwie\u0144stwie do <\/span><span class=\"cf0\">grapplingowych<\/span><span class=\"cf0\"> maj\u0105 pe\u0142ne pole uderzeniowe oraz grubsze wype\u0142nienie, kt\u00f3re chroni pi\u0119\u015bci. Wykonane ze sk\u00f3ry bydl\u0119cej, idealne na tarcze, sparingi w st\u00f3jce i dynamiczne wymiany. \u0141\u0105cz\u0105 swobod\u0119 ruchu z bezpiecznym i mocnym ciosem.<\/span><\/p>\n<p class=\"pf0\"><span class=\"cf0\">POLISHFIGHTERS &#8211; CHOD\u0179 NA TRENING.<\/span><\/p>\n<hr class=\"\" data-start=\"548\" data-end=\"551\" \/>\n<p class=\"pf0\"><span class=\"cf0\">Cechy produktu:<\/span><\/p>\n<ul>\n<li class=\"pf0\"><span class=\"cf0\">Materia\u0142: 100 % Sk\u00f3ra<\/span><\/li>\n<li class=\"pf0\"><span class=\"cf0\">Kolor: czarny \/ zielony neon<\/span><\/li>\n<li class=\"pf0\"><span class=\"cf0\">Zapi\u0119cie: rzep<\/span><\/li>\n<li class=\"pf0\"><span class=\"cf0\">Przeznaczenie: <\/span><span class=\"cf0\">grappling<\/span><span class=\"cf1\">owo<\/span><span class=\"cf1\"> &#8211; uderzeniowe <\/span><\/li>\n<li class=\"pf0\"><span class=\"cf0\">Wyko\u0144czenie: Grafika<\/span><\/li>\n<li class=\"pf0\"><span class=\"cf0\">Model: &#8221; RAPTOR PRO &#8222;<\/span><\/li>\n<li class=\"pf0\"><span class=\"cf0\">Kod produktu: PF-MMA-25-M-G-2<\/span><\/li>\n<\/ul>\n<p><!--EndFragment --><\/p>","protected":false},"featured_media":5313,"comment_status":"closed","ping_status":"closed","template":"","meta":{"_uag_custom_page_level_css":"","site-sidebar-layout":"default","site-content-layout":"","ast-site-content-layout":"default","site-content-style":"default","site-sidebar-style":"default","ast-global-header-display":"","ast-banner-title-visibility":"","ast-main-header-display":"","ast-hfb-above-header-display":"","ast-hfb-below-header-display":"","ast-hfb-mobile-header-display":"","site-post-title":"","ast-breadcrumbs-content":"","ast-featured-img":"","footer-sml-layout":"","theme-transparent-header-meta":"default","adv-header-id-meta":"","stick-header-meta":"","header-above-stick-meta":"","header-main-stick-meta":"","header-below-stick-meta":"","astra-migrate-meta-layouts":"set","ast-page-background-enabled":"default","ast-page-background-meta":{"desktop":{"background-color":"","background-image":"","background-repeat":"repeat","background-position":"center center","background-size":"auto","background-attachment":"scroll","background-type":"","background-media":"","overlay-type":"","overlay-color":"","overlay-opacity":"","overlay-gradient":""},"tablet":{"background-color":"","background-image":"","background-repeat":"repeat","background-position":"center center","background-size":"auto","background-attachment":"scroll","background-type":"","background-media":"","overlay-type":"","overlay-color":"","overlay-opacity":"","overlay-gradient":""},"mobile":{"background-color":"","background-image":"","background-repeat":"repeat","background-position":"center center","background-size":"auto","background-attachment":"scroll","background-type":"","background-media":"","overlay-type":"","overlay-color":"","overlay-opacity":"","overlay-gradient":""}},"ast-content-background-meta":{"desktop":{"background-color":"var(--ast-global-color-5)","background-image":"","background-repeat":"repeat","background-position":"center center","background-size":"auto","background-attachment":"scroll","background-type":"","background-media":"","overlay-type":"","overlay-color":"","overlay-opacity":"","overlay-gradient":""},"tablet":{"background-color":"var(--ast-global-color-5)","background-image":"","background-repeat":"repeat","background-position":"center center","background-size":"auto","background-attachment":"scroll","background-type":"","background-media":"","overlay-type":"","overlay-color":"","overlay-opacity":"","overlay-gradient":""},"mobile":{"background-color":"var(--ast-global-color-5)","background-image":"","background-repeat":"repeat","background-position":"center center","background-size":"auto","background-attachment":"scroll","background-type":"","background-media":"","overlay-type":"","overlay-color":"","overlay-opacity":"","overlay-gradient":""}}},"product_brand":[55],"product_cat":[95],"product_tag":[],"class_list":{"0":"post-5390","1":"product","2":"type-product","3":"status-publish","4":"has-post-thumbnail","6":"product_brand-pf","7":"product_cat-rekawice-graplingowe-do-mma-bully","8":"desktop-align-left","9":"tablet-align-left","10":"mobile-align-left","12":"first","13":"instock","14":"shipping-taxable","15":"purchasable","16":"product-type-variable"},"aioseo_notices":[],"uagb_featured_image_src":{"full":["https:\/\/polishfighters.pl\/wp-content\/uploads\/2025\/08\/5-7-scaled.jpg",1707,2560,false],"thumbnail":["https:\/\/polishfighters.pl\/wp-content\/uploads\/2025\/08\/5-7-150x150.jpg",150,150,true],"medium":["https:\/\/polishfighters.pl\/wp-content\/uploads\/2025\/08\/5-7-200x300.jpg",200,300,true],"medium_large":["https:\/\/polishfighters.pl\/wp-content\/uploads\/2025\/08\/5-7-768x1152.jpg",768,1152,true],"large":["https:\/\/polishfighters.pl\/wp-content\/uploads\/2025\/08\/5-7-683x1024.jpg",683,1024,true],"1536x1536":["https:\/\/polishfighters.pl\/wp-content\/uploads\/2025\/08\/5-7-1024x1536.jpg",1024,1536,true],"2048x2048":["https:\/\/polishfighters.pl\/wp-content\/uploads\/2025\/08\/5-7-1365x2048.jpg",1365,2048,true],"trp-custom-language-flag":["https:\/\/polishfighters.pl\/wp-content\/uploads\/2025\/08\/5-7-scaled.jpg",8,12,false],"woocommerce_thumbnail":["https:\/\/polishfighters.pl\/wp-content\/uploads\/2025\/08\/5-7-300x300.jpg",300,300,true],"woocommerce_single":["https:\/\/polishfighters.pl\/wp-content\/uploads\/2025\/08\/5-7-600x900.jpg",600,900,true],"woocommerce_gallery_thumbnail":["https:\/\/polishfighters.pl\/wp-content\/uploads\/2025\/08\/5-7-100x100.jpg",100,100,true]},"uagb_author_info":{"display_name":"Lukasz","author_link":"https:\/\/polishfighters.pl\/en\/author\/"},"uagb_comment_info":0,"uagb_excerpt":"Specjalistyczne r\u0119kawice MMA typu \u201ebu\u0142eczki\u201d, przeznaczone do mocnych uderze\u0144. W przeciwie\u0144stwie do grapplingowych maj\u0105 pe\u0142ne pole uderzeniowe oraz grubsze wype\u0142nienie, kt\u00f3re chroni pi\u0119\u015bci. Wykonane ze sk\u00f3ry bydl\u0119cej, idealne na tarcze, sparingi w st\u00f3jce i dynamiczne wymiany. \u0141\u0105cz\u0105 swobod\u0119 ruchu z bezpiecznym i mocnym ciosem. POLISHFIGHTERS - CHOD\u0179 NA TRENING. Cechy produktu: Materia\u0142: 100 % Sk\u00f3ra&hellip;","_links":{"self":[{"href":"https:\/\/polishfighters.pl\/en\/wp-json\/wp\/v2\/product\/5390","targetHints":{"allow":["GET"]}}],"collection":[{"href":"https:\/\/polishfighters.pl\/en\/wp-json\/wp\/v2\/product"}],"about":[{"href":"https:\/\/polishfighters.pl\/en\/wp-json\/wp\/v2\/types\/product"}],"replies":[{"embeddable":true,"href":"https:\/\/polishfighters.pl\/en\/wp-json\/wp\/v2\/comments?post=5390"}],"wp:featuredmedia":[{"embeddable":true,"href":"https:\/\/polishfighters.pl\/en\/wp-json\/wp\/v2\/media\/5313"}],"wp:attachment":[{"href":"https:\/\/polishfighters.pl\/en\/wp-json\/wp\/v2\/media?parent=5390"}],"wp:term":[{"taxonomy":"product_brand","embeddable":true,"href":"https:\/\/polishfighters.pl\/en\/wp-json\/wp\/v2\/product_brand?post=5390"},{"taxonomy":"product_cat","embeddable":true,"href":"https:\/\/polishfighters.pl\/en\/wp-json\/wp\/v2\/product_cat?post=5390"},{"taxonomy":"product_tag","embeddable":true,"href":"https:\/\/polishfighters.pl\/en\/wp-json\/wp\/v2\/product_tag?post=5390"}],"curies":[{"name":"wp","href":"https:\/\/api.w.org\/{rel}","templated":true}]}}