{"id":5354,"date":"2025-08-19T13:50:58","date_gmt":"2025-08-19T13:50:58","guid":{"rendered":"https:\/\/polishfighters.pl\/?post_type=product&#038;p=5354"},"modified":"2026-03-09T00:59:55","modified_gmt":"2026-03-09T00:59:55","slug":"rekawice-bokserskie-na-rzep-raptor-pro-green","status":"publish","type":"product","link":"https:\/\/polishfighters.pl\/en\/product\/rekawice-bokserskie-na-rzep-raptor-pro-green\/","title":{"rendered":"VELCRO BOXING GLOVES RAPTOR PRO GREEN"},"content":{"rendered":"<p><strong>VELCRO BOXING GLOVES RAPTOR PRO GREEN<\/strong> stanowi\u0105 niezb\u0119dny element wyposa\u017cenia ka\u017cdego boksera i kickboksera.<\/p>\n<p>Sk\u00f3ra premium gwarantuje doskona\u0142\u0105 ochron\u0119 i d\u0142ugowieczno\u015b\u0107 sprz\u0119tu. Starannie wykonane zdobienie zapewnia trwa\u0142o\u015b\u0107 i estetyczny wygl\u0105d na lata.  Wyj\u0105tkowy czarny \/ zielony neon kolor sprawia, \u017ce produkt pasuje do r\u00f3\u017cnych stylizacji \u2013 zar\u00f3wno treningowych, jak i casualowych.<\/p>\n<p><strong>Kluczowe cechy produktu:<\/strong><\/p>\n<ul>\n<li>Materia\u0142: 100 % Sk\u00f3ra<\/li>\n<li>Anatomiczny kszta\u0142t dla optymalnego dopasowania<\/li>\n<li>Wielowarstwowa pianka amortyzuj\u0105ca<\/li>\n<li>Idealny do trening\u00f3w MMA, boksu, kickboxingu i na co dzie\u0144<\/li>\n<\/ul>\n<p>Produkt idealnie sprawdzi si\u0119 podczas boksu, kickboxingu, Muay Thai i MMA. Profesjonalny sprz\u0119t dla amator\u00f3w i zawodnik\u00f3w.<\/p>\n<p>POLISH FIGHTERS to synonim jako\u015bci w polskim fightwear. Nasze produkty s\u0105 projektowane i testowane przez zawodnik\u00f3w, dla zawodnik\u00f3w.<\/p>\n<p><strong>Nie czekaj \u2013 zam\u00f3w ju\u017c dzi\u015b i poczuj r\u00f3\u017cnic\u0119!<\/strong><\/p>","protected":false},"excerpt":{"rendered":"<p><!--StartFragment --><\/p>\n<p><span class=\"cf0\">Profesjonalne r<\/span><span class=\"cf1\">\u0119kawice bokserskie wykonane ze sk<\/span><span class=\"cf0\">\u00f3ry bydl<\/span><span class=\"cf1\">\u0119cej. Wytrzyma\u0142e, wygodne i \u0142atwe do zak\u0142adania dzi\u0119ki mocnemu zapi\u0119ciu na rzep. Idealne na sparingi, treningi na worku bokserskim czy prac\u0119 na tarczach. Zapewniaj\u0105 stabilizacj\u0119 nadgarstka i wysoki poziom ochrony podczas ka\u017cdego treningu.<\/span><\/p>\n<p>POLISHFIGHTERS &#8211; CHOD\u0179 NA TRENING.<\/p>\n<hr class=\"\" data-start=\"548\" data-end=\"551\" \/>\n<p>Cechy produktu:<\/p>\n<ul>\n<li>Materia\u0142: 100 % Sk\u00f3ra<\/li>\n<li>Kolor: czarny \/ zielony neon<\/li>\n<li>Zapi\u0119cie: rzep<\/li>\n<li>Przeznaczenie: sparing<\/li>\n<li>Wyko\u0144czenie: Grafika<\/li>\n<li>Model: &#8221; RAPTOR PRO &#8222;<\/li>\n<li>Kod produktu: PF-BOX-25-M-G-1<\/li>\n<\/ul>","protected":false},"featured_media":5301,"comment_status":"closed","ping_status":"closed","template":"","meta":{"_uag_custom_page_level_css":"","site-sidebar-layout":"default","site-content-layout":"","ast-site-content-layout":"default","site-content-style":"default","site-sidebar-style":"default","ast-global-header-display":"","ast-banner-title-visibility":"","ast-main-header-display":"","ast-hfb-above-header-display":"","ast-hfb-below-header-display":"","ast-hfb-mobile-header-display":"","site-post-title":"","ast-breadcrumbs-content":"","ast-featured-img":"","footer-sml-layout":"","theme-transparent-header-meta":"default","adv-header-id-meta":"","stick-header-meta":"","header-above-stick-meta":"","header-main-stick-meta":"","header-below-stick-meta":"","astra-migrate-meta-layouts":"set","ast-page-background-enabled":"default","ast-page-background-meta":{"desktop":{"background-color":"","background-image":"","background-repeat":"repeat","background-position":"center center","background-size":"auto","background-attachment":"scroll","background-type":"","background-media":"","overlay-type":"","overlay-color":"","overlay-opacity":"","overlay-gradient":""},"tablet":{"background-color":"","background-image":"","background-repeat":"repeat","background-position":"center center","background-size":"auto","background-attachment":"scroll","background-type":"","background-media":"","overlay-type":"","overlay-color":"","overlay-opacity":"","overlay-gradient":""},"mobile":{"background-color":"","background-image":"","background-repeat":"repeat","background-position":"center center","background-size":"auto","background-attachment":"scroll","background-type":"","background-media":"","overlay-type":"","overlay-color":"","overlay-opacity":"","overlay-gradient":""}},"ast-content-background-meta":{"desktop":{"background-color":"var(--ast-global-color-5)","background-image":"","background-repeat":"repeat","background-position":"center center","background-size":"auto","background-attachment":"scroll","background-type":"","background-media":"","overlay-type":"","overlay-color":"","overlay-opacity":"","overlay-gradient":""},"tablet":{"background-color":"var(--ast-global-color-5)","background-image":"","background-repeat":"repeat","background-position":"center center","background-size":"auto","background-attachment":"scroll","background-type":"","background-media":"","overlay-type":"","overlay-color":"","overlay-opacity":"","overlay-gradient":""},"mobile":{"background-color":"var(--ast-global-color-5)","background-image":"","background-repeat":"repeat","background-position":"center center","background-size":"auto","background-attachment":"scroll","background-type":"","background-media":"","overlay-type":"","overlay-color":"","overlay-opacity":"","overlay-gradient":""}}},"product_brand":[55],"product_cat":[92],"product_tag":[],"class_list":{"0":"post-5354","1":"product","2":"type-product","3":"status-publish","4":"has-post-thumbnail","6":"product_brand-pf","7":"product_cat-rekawice-bokserskie-na-rzep","8":"desktop-align-left","9":"tablet-align-left","10":"mobile-align-left","12":"first","13":"instock","14":"shipping-taxable","15":"purchasable","16":"product-type-variable"},"aioseo_notices":[],"uagb_featured_image_src":{"full":["https:\/\/polishfighters.pl\/wp-content\/uploads\/2025\/08\/4-4-scaled.jpg",1707,2560,false],"thumbnail":["https:\/\/polishfighters.pl\/wp-content\/uploads\/2025\/08\/4-4-150x150.jpg",150,150,true],"medium":["https:\/\/polishfighters.pl\/wp-content\/uploads\/2025\/08\/4-4-200x300.jpg",200,300,true],"medium_large":["https:\/\/polishfighters.pl\/wp-content\/uploads\/2025\/08\/4-4-768x1152.jpg",768,1152,true],"large":["https:\/\/polishfighters.pl\/wp-content\/uploads\/2025\/08\/4-4-683x1024.jpg",683,1024,true],"1536x1536":["https:\/\/polishfighters.pl\/wp-content\/uploads\/2025\/08\/4-4-1024x1536.jpg",1024,1536,true],"2048x2048":["https:\/\/polishfighters.pl\/wp-content\/uploads\/2025\/08\/4-4-1365x2048.jpg",1365,2048,true],"trp-custom-language-flag":["https:\/\/polishfighters.pl\/wp-content\/uploads\/2025\/08\/4-4-scaled.jpg",8,12,false],"woocommerce_thumbnail":["https:\/\/polishfighters.pl\/wp-content\/uploads\/2025\/08\/4-4-300x300.jpg",300,300,true],"woocommerce_single":["https:\/\/polishfighters.pl\/wp-content\/uploads\/2025\/08\/4-4-600x900.jpg",600,900,true],"woocommerce_gallery_thumbnail":["https:\/\/polishfighters.pl\/wp-content\/uploads\/2025\/08\/4-4-100x100.jpg",100,100,true]},"uagb_author_info":{"display_name":"Lukasz","author_link":"https:\/\/polishfighters.pl\/en\/author\/"},"uagb_comment_info":0,"uagb_excerpt":"Profesjonalne r\u0119kawice bokserskie wykonane ze sk\u00f3ry bydl\u0119cej. Wytrzyma\u0142e, wygodne i \u0142atwe do zak\u0142adania dzi\u0119ki mocnemu zapi\u0119ciu na rzep. Idealne na sparingi, treningi na worku bokserskim czy prac\u0119 na tarczach. Zapewniaj\u0105 stabilizacj\u0119 nadgarstka i wysoki poziom ochrony podczas ka\u017cdego treningu. POLISHFIGHTERS - CHOD\u0179 NA TRENING. Cechy produktu: Materia\u0142: 100 % Sk\u00f3ra Kolor: czarny \/ zielony neon&hellip;","_links":{"self":[{"href":"https:\/\/polishfighters.pl\/en\/wp-json\/wp\/v2\/product\/5354","targetHints":{"allow":["GET"]}}],"collection":[{"href":"https:\/\/polishfighters.pl\/en\/wp-json\/wp\/v2\/product"}],"about":[{"href":"https:\/\/polishfighters.pl\/en\/wp-json\/wp\/v2\/types\/product"}],"replies":[{"embeddable":true,"href":"https:\/\/polishfighters.pl\/en\/wp-json\/wp\/v2\/comments?post=5354"}],"wp:featuredmedia":[{"embeddable":true,"href":"https:\/\/polishfighters.pl\/en\/wp-json\/wp\/v2\/media\/5301"}],"wp:attachment":[{"href":"https:\/\/polishfighters.pl\/en\/wp-json\/wp\/v2\/media?parent=5354"}],"wp:term":[{"taxonomy":"product_brand","embeddable":true,"href":"https:\/\/polishfighters.pl\/en\/wp-json\/wp\/v2\/product_brand?post=5354"},{"taxonomy":"product_cat","embeddable":true,"href":"https:\/\/polishfighters.pl\/en\/wp-json\/wp\/v2\/product_cat?post=5354"},{"taxonomy":"product_tag","embeddable":true,"href":"https:\/\/polishfighters.pl\/en\/wp-json\/wp\/v2\/product_tag?post=5354"}],"curies":[{"name":"wp","href":"https:\/\/api.w.org\/{rel}","templated":true}]}}