{"id":4725,"date":"2025-08-02T12:54:53","date_gmt":"2025-08-02T12:54:53","guid":{"rendered":"https:\/\/polishfighters.pl\/?post_type=product&#038;p=4725"},"modified":"2026-03-09T00:59:51","modified_gmt":"2026-03-09T00:59:51","slug":"rashguard-long-white-instynkt-zubr","status":"publish","type":"product","link":"https:\/\/polishfighters.pl\/en\/product\/rashguard-long-white-instynkt-zubr\/","title":{"rendered":"RASHGUARD LONG WHITE INSTINCT BISON"},"content":{"rendered":"<p><strong>RASHGUARD LONG WHITE INSTINCT BISON<\/strong> zapewnia ochron\u0119, kompresj\u0119 i komfort podczas najbardziej wymagaj\u0105cych sesji. Produkt pochodzi z kolekcji INSTYNKT, nawi\u0105zuj\u0105cej do pierwotnych instynkt\u00f3w i si\u0142y natury.<\/p>\n<p>Lekki, techniczny materia\u0142 gwarantuje maksymaln\u0105 wydajno\u015b\u0107 podczas intensywnych sesji. Nadruk sublimacyjny zapewnia 360\u00b0 pokrycia wzorem bez ogranicze\u0144 designerskich.  \u015awie\u017cy bia\u0142y kolor sprawia, \u017ce produkt pasuje do r\u00f3\u017cnych stylizacji \u2013 zar\u00f3wno treningowych, jak i casualowych.<\/p>\n<p><strong>Kluczowe cechy produktu:<\/strong><\/p>\n<ul>\n<li>Materia\u0142: 88% poliester | 280g<\/li>\n<li>Materia\u0142 kompresyjny wspieraj\u0105cy mi\u0119\u015bnie<\/li>\n<li>P\u0142askie szwy redukuj\u0105ce otarcia<\/li>\n<li>Szybkoschn\u0105cy i odprowadzaj\u0105cy wilgo\u0107<\/li>\n<li>Idealny do trening\u00f3w MMA, boksu, kickboxingu i na co dzie\u0144<\/li>\n<\/ul>\n<p>Produkt idealnie sprawdzi si\u0119 podczas MMA, BJJ, grappling, wrestling i innych sport\u00f3w walki. Doskonale sprawdza si\u0119 r\u00f3wnie\u017c podczas crossfitu i trening\u00f3w funkcjonalnych.<\/p>\n<p>POLISH FIGHTERS to synonim jako\u015bci w polskim fightwear. Nasze produkty s\u0105 projektowane i testowane przez zawodnik\u00f3w, dla zawodnik\u00f3w.<\/p>\n<p><strong>Do\u0142\u0105cz do grona wojownik\u00f3w \u2013 zam\u00f3w sw\u00f3j zestaw!<\/strong><\/p>","protected":false},"excerpt":{"rendered":"<p>Wi\u0119cej zakrycia, ta sama wygoda. D\u0142ugi r\u0119kaw to troch\u0119 wi\u0119cej ochrony \u2013 przed otarciami, ch\u0142odem, czy sparingpartnerem z ostrym \u0142okciem. \u015awietny do BJJ, MMA, crossa czy si\u0142ki. Chroni przed otarciami i ch\u0142odem. Trzyma si\u0119 cia\u0142a, ale nie kr\u0119puje. Dobre dopasowanie i mocny look w pakiecie.<\/p>\n<p>POLISHFIGHTERS &#8211; CHOD\u0179 NA TRENING.<\/p>\n<hr class=\"\" data-start=\"548\" data-end=\"551\" \/>\n<p>Cechy produktu:<\/p>\n<ul>\n<li>Materia\u0142: 88% poliester | 12% elastyna | Gramatura: 280 g<\/li>\n<li>Kolor: bia\u0142y<\/li>\n<li>Kr\u00f3j: SPORT<\/li>\n<li>Dodatki: elastyczne nici<\/li>\n<li>Technologia: sublimacja<\/li>\n<li>Model: &#8221; INSTINCT \u017bUBR &#8222;<\/li>\n<li>Kod produktu: <span data-sheets-root=\"1\">PF-RL-25-M-W-13<\/span><\/li>\n<\/ul>","protected":false},"featured_media":5579,"comment_status":"closed","ping_status":"closed","template":"","meta":{"_uag_custom_page_level_css":"","site-sidebar-layout":"default","site-content-layout":"","ast-site-content-layout":"default","site-content-style":"default","site-sidebar-style":"default","ast-global-header-display":"","ast-banner-title-visibility":"","ast-main-header-display":"","ast-hfb-above-header-display":"","ast-hfb-below-header-display":"","ast-hfb-mobile-header-display":"","site-post-title":"","ast-breadcrumbs-content":"","ast-featured-img":"","footer-sml-layout":"","theme-transparent-header-meta":"default","adv-header-id-meta":"","stick-header-meta":"","header-above-stick-meta":"","header-main-stick-meta":"","header-below-stick-meta":"","astra-migrate-meta-layouts":"set","ast-page-background-enabled":"default","ast-page-background-meta":{"desktop":{"background-color":"","background-image":"","background-repeat":"repeat","background-position":"center center","background-size":"auto","background-attachment":"scroll","background-type":"","background-media":"","overlay-type":"","overlay-color":"","overlay-opacity":"","overlay-gradient":""},"tablet":{"background-color":"","background-image":"","background-repeat":"repeat","background-position":"center center","background-size":"auto","background-attachment":"scroll","background-type":"","background-media":"","overlay-type":"","overlay-color":"","overlay-opacity":"","overlay-gradient":""},"mobile":{"background-color":"","background-image":"","background-repeat":"repeat","background-position":"center center","background-size":"auto","background-attachment":"scroll","background-type":"","background-media":"","overlay-type":"","overlay-color":"","overlay-opacity":"","overlay-gradient":""}},"ast-content-background-meta":{"desktop":{"background-color":"var(--ast-global-color-5)","background-image":"","background-repeat":"repeat","background-position":"center center","background-size":"auto","background-attachment":"scroll","background-type":"","background-media":"","overlay-type":"","overlay-color":"","overlay-opacity":"","overlay-gradient":""},"tablet":{"background-color":"var(--ast-global-color-5)","background-image":"","background-repeat":"repeat","background-position":"center center","background-size":"auto","background-attachment":"scroll","background-type":"","background-media":"","overlay-type":"","overlay-color":"","overlay-opacity":"","overlay-gradient":""},"mobile":{"background-color":"var(--ast-global-color-5)","background-image":"","background-repeat":"repeat","background-position":"center center","background-size":"auto","background-attachment":"scroll","background-type":"","background-media":"","overlay-type":"","overlay-color":"","overlay-opacity":"","overlay-gradient":""}}},"product_brand":[55],"product_cat":[103,120,100,60,62,83],"product_tag":[],"class_list":{"0":"post-4725","1":"product","2":"type-product","3":"status-publish","4":"has-post-thumbnail","6":"product_brand-pf","7":"product_cat-instynkt","8":"product_cat-instynkt-rushguary-dlugie","9":"product_cat-kolekcje","10":"product_cat-termoaktywna","11":"product_cat-rash-dlugi","12":"product_cat-sport","13":"desktop-align-left","14":"tablet-align-left","15":"mobile-align-left","17":"first","18":"instock","19":"featured","20":"shipping-taxable","21":"purchasable","22":"product-type-variable"},"aioseo_notices":[],"uagb_featured_image_src":{"full":["https:\/\/polishfighters.pl\/wp-content\/uploads\/2025\/08\/LONG_WHITE-tyl-ZUBR.png",1200,1200,false],"thumbnail":["https:\/\/polishfighters.pl\/wp-content\/uploads\/2025\/08\/LONG_WHITE-tyl-ZUBR-150x150.png",150,150,true],"medium":["https:\/\/polishfighters.pl\/wp-content\/uploads\/2025\/08\/LONG_WHITE-tyl-ZUBR-300x300.png",300,300,true],"medium_large":["https:\/\/polishfighters.pl\/wp-content\/uploads\/2025\/08\/LONG_WHITE-tyl-ZUBR-768x768.png",768,768,true],"large":["https:\/\/polishfighters.pl\/wp-content\/uploads\/2025\/08\/LONG_WHITE-tyl-ZUBR-1024x1024.png",1024,1024,true],"1536x1536":["https:\/\/polishfighters.pl\/wp-content\/uploads\/2025\/08\/LONG_WHITE-tyl-ZUBR.png",1200,1200,false],"2048x2048":["https:\/\/polishfighters.pl\/wp-content\/uploads\/2025\/08\/LONG_WHITE-tyl-ZUBR.png",1200,1200,false],"trp-custom-language-flag":["https:\/\/polishfighters.pl\/wp-content\/uploads\/2025\/08\/LONG_WHITE-tyl-ZUBR.png",12,12,false],"woocommerce_thumbnail":["https:\/\/polishfighters.pl\/wp-content\/uploads\/2025\/08\/LONG_WHITE-tyl-ZUBR-300x300.png",300,300,true],"woocommerce_single":["https:\/\/polishfighters.pl\/wp-content\/uploads\/2025\/08\/LONG_WHITE-tyl-ZUBR-600x600.png",600,600,true],"woocommerce_gallery_thumbnail":["https:\/\/polishfighters.pl\/wp-content\/uploads\/2025\/08\/LONG_WHITE-tyl-ZUBR-100x100.png",100,100,true]},"uagb_author_info":{"display_name":"Lukasz","author_link":"https:\/\/polishfighters.pl\/en\/author\/"},"uagb_comment_info":0,"uagb_excerpt":"Wi\u0119cej zakrycia, ta sama wygoda. D\u0142ugi r\u0119kaw to troch\u0119 wi\u0119cej ochrony \u2013 przed otarciami, ch\u0142odem, czy sparingpartnerem z ostrym \u0142okciem. \u015awietny do BJJ, MMA, crossa czy si\u0142ki. Chroni przed otarciami i ch\u0142odem. Trzyma si\u0119 cia\u0142a, ale nie kr\u0119puje. Dobre dopasowanie i mocny look w pakiecie. POLISHFIGHTERS - CHOD\u0179 NA TRENING. Cechy produktu: Materia\u0142: 88% poliester&hellip;","_links":{"self":[{"href":"https:\/\/polishfighters.pl\/en\/wp-json\/wp\/v2\/product\/4725","targetHints":{"allow":["GET"]}}],"collection":[{"href":"https:\/\/polishfighters.pl\/en\/wp-json\/wp\/v2\/product"}],"about":[{"href":"https:\/\/polishfighters.pl\/en\/wp-json\/wp\/v2\/types\/product"}],"replies":[{"embeddable":true,"href":"https:\/\/polishfighters.pl\/en\/wp-json\/wp\/v2\/comments?post=4725"}],"wp:featuredmedia":[{"embeddable":true,"href":"https:\/\/polishfighters.pl\/en\/wp-json\/wp\/v2\/media\/5579"}],"wp:attachment":[{"href":"https:\/\/polishfighters.pl\/en\/wp-json\/wp\/v2\/media?parent=4725"}],"wp:term":[{"taxonomy":"product_brand","embeddable":true,"href":"https:\/\/polishfighters.pl\/en\/wp-json\/wp\/v2\/product_brand?post=4725"},{"taxonomy":"product_cat","embeddable":true,"href":"https:\/\/polishfighters.pl\/en\/wp-json\/wp\/v2\/product_cat?post=4725"},{"taxonomy":"product_tag","embeddable":true,"href":"https:\/\/polishfighters.pl\/en\/wp-json\/wp\/v2\/product_tag?post=4725"}],"curies":[{"name":"wp","href":"https:\/\/api.w.org\/{rel}","templated":true}]}}