{"id":4695,"date":"2025-08-02T12:54:18","date_gmt":"2025-08-02T12:54:18","guid":{"rendered":"https:\/\/polishfighters.pl\/?post_type=product&#038;p=4695"},"modified":"2026-03-09T00:59:51","modified_gmt":"2026-03-09T00:59:51","slug":"rashguard-long-black-red-reprezentant-ii","status":"publish","type":"product","link":"https:\/\/polishfighters.pl\/en\/product\/rashguard-long-black-red-reprezentant-ii\/","title":{"rendered":"RASHGUARD LONG BLACK \/ RED REPRESENTATIVE II"},"content":{"rendered":"<p><strong>RASHGUARD LONG BLACK \/ RED REPRESENTATIVE II<\/strong> to profesjonalna odzie\u017c kompresyjna dla zawodnik\u00f3w sport\u00f3w walki. Produkt pochodzi z kolekcji REPREZENTANT, stworzonej dla tych, kt\u00f3rzy dumnie reprezentuj\u0105 polskie sporty walki.<\/p>\n<p>Zaawansowany poliester sportowy zapewnia szybkie odprowadzanie wilgoci i oddychalno\u015b\u0107. Nadruk sublimacyjny zapewnia 360\u00b0 pokrycia wzorem bez ogranicze\u0144 designerskich.  Charakterystyczny czarny \/ czerwony kolor sprawia, \u017ce produkt pasuje do r\u00f3\u017cnych stylizacji \u2013 zar\u00f3wno treningowych, jak i casualowych.<\/p>\n<p><strong>Kluczowe cechy produktu:<\/strong><\/p>\n<ul>\n<li>Materia\u0142: 88% poliester | 280g<\/li>\n<li>Materia\u0142 kompresyjny wspieraj\u0105cy mi\u0119\u015bnie<\/li>\n<li>P\u0142askie szwy redukuj\u0105ce otarcia<\/li>\n<li>Szybkoschn\u0105cy i odprowadzaj\u0105cy wilgo\u0107<\/li>\n<li>Idealny do trening\u00f3w MMA, boksu, kickboxingu i na co dzie\u0144<\/li>\n<\/ul>\n<p>Produkt idealnie sprawdzi si\u0119 podczas MMA, BJJ, grappling, wrestling i innych sport\u00f3w walki. Doskonale sprawdza si\u0119 r\u00f3wnie\u017c podczas crossfitu i trening\u00f3w funkcjonalnych.<\/p>\n<p>POLISH FIGHTERS to polska marka tworzona przez pasjonat\u00f3w sport\u00f3w walki. Ka\u017cdy produkt powstaje z my\u015bl\u0105 o komforcie, trwa\u0142o\u015bci i stylu, kt\u00f3re doceni\u0105 prawdziwi wojownicy.<\/p>\n<p><strong>Do\u0142\u0105cz do grona wojownik\u00f3w \u2013 zam\u00f3w sw\u00f3j zestaw!<\/strong><\/p>","protected":false},"excerpt":{"rendered":"<p>Wi\u0119cej zakrycia, ta sama wygoda. D\u0142ugi r\u0119kaw to troch\u0119 wi\u0119cej ochrony \u2013 przed otarciami, ch\u0142odem, czy sparingpartnerem z ostrym \u0142okciem. \u015awietny do BJJ, MMA, crossa czy si\u0142ki. Chroni przed otarciami i ch\u0142odem. Trzyma si\u0119 cia\u0142a, ale nie kr\u0119puje. Dobre dopasowanie i mocny look w pakiecie.<\/p>\n<p>POLISHFIGHTERS &#8211; CHOD\u0179 NA TRENING.<\/p>\n<hr class=\"\" data-start=\"548\" data-end=\"551\" \/>\n<p>Cechy produktu:<\/p>\n<ul>\n<li>Materia\u0142: 88% poliester | 12% elastyna | Gramatura: 280 g<\/li>\n<li>Kolor: BLACK \/ RED<\/li>\n<li>Kr\u00f3j: SPORT<\/li>\n<li>Dodatki: elastyczne nici<\/li>\n<li>Technologia: sublimacja<\/li>\n<li>Model: &#8221; REPRESENTATIVE II &#8222;<\/li>\n<li>Kod produktu: <span data-sheets-root=\"1\">PF-RL-25-M-B-10<\/span><\/li>\n<\/ul>","protected":false},"featured_media":5251,"comment_status":"closed","ping_status":"closed","template":"","meta":{"_uag_custom_page_level_css":"","site-sidebar-layout":"default","site-content-layout":"","ast-site-content-layout":"default","site-content-style":"default","site-sidebar-style":"default","ast-global-header-display":"","ast-banner-title-visibility":"","ast-main-header-display":"","ast-hfb-above-header-display":"","ast-hfb-below-header-display":"","ast-hfb-mobile-header-display":"","site-post-title":"","ast-breadcrumbs-content":"","ast-featured-img":"","footer-sml-layout":"","theme-transparent-header-meta":"default","adv-header-id-meta":"","stick-header-meta":"","header-above-stick-meta":"","header-main-stick-meta":"","header-below-stick-meta":"","astra-migrate-meta-layouts":"set","ast-page-background-enabled":"default","ast-page-background-meta":{"desktop":{"background-color":"","background-image":"","background-repeat":"repeat","background-position":"center center","background-size":"auto","background-attachment":"scroll","background-type":"","background-media":"","overlay-type":"","overlay-color":"","overlay-opacity":"","overlay-gradient":""},"tablet":{"background-color":"","background-image":"","background-repeat":"repeat","background-position":"center center","background-size":"auto","background-attachment":"scroll","background-type":"","background-media":"","overlay-type":"","overlay-color":"","overlay-opacity":"","overlay-gradient":""},"mobile":{"background-color":"","background-image":"","background-repeat":"repeat","background-position":"center center","background-size":"auto","background-attachment":"scroll","background-type":"","background-media":"","overlay-type":"","overlay-color":"","overlay-opacity":"","overlay-gradient":""}},"ast-content-background-meta":{"desktop":{"background-color":"var(--ast-global-color-5)","background-image":"","background-repeat":"repeat","background-position":"center center","background-size":"auto","background-attachment":"scroll","background-type":"","background-media":"","overlay-type":"","overlay-color":"","overlay-opacity":"","overlay-gradient":""},"tablet":{"background-color":"var(--ast-global-color-5)","background-image":"","background-repeat":"repeat","background-position":"center center","background-size":"auto","background-attachment":"scroll","background-type":"","background-media":"","overlay-type":"","overlay-color":"","overlay-opacity":"","overlay-gradient":""},"mobile":{"background-color":"var(--ast-global-color-5)","background-image":"","background-repeat":"repeat","background-position":"center center","background-size":"auto","background-attachment":"scroll","background-type":"","background-media":"","overlay-type":"","overlay-color":"","overlay-opacity":"","overlay-gradient":""}}},"product_brand":[55],"product_cat":[100,102,131,83,60,62],"product_tag":[],"class_list":{"0":"post-4695","1":"product","2":"type-product","3":"status-publish","4":"has-post-thumbnail","6":"product_brand-pf","7":"product_cat-kolekcje","8":"product_cat-reprezentant","9":"product_cat-reprezentant-rashguardy-dlugie","10":"product_cat-sport","11":"product_cat-termoaktywna","12":"product_cat-rash-dlugi","13":"desktop-align-left","14":"tablet-align-left","15":"mobile-align-left","17":"first","18":"instock","19":"shipping-taxable","20":"purchasable","21":"product-type-variable"},"aioseo_notices":[],"uagb_featured_image_src":{"full":["https:\/\/polishfighters.pl\/wp-content\/uploads\/2025\/08\/LONG_BLACK_reprezentacyjna-PRZOD-rekawki.png",1200,1200,false],"thumbnail":["https:\/\/polishfighters.pl\/wp-content\/uploads\/2025\/08\/LONG_BLACK_reprezentacyjna-PRZOD-rekawki-150x150.png",150,150,true],"medium":["https:\/\/polishfighters.pl\/wp-content\/uploads\/2025\/08\/LONG_BLACK_reprezentacyjna-PRZOD-rekawki-300x300.png",300,300,true],"medium_large":["https:\/\/polishfighters.pl\/wp-content\/uploads\/2025\/08\/LONG_BLACK_reprezentacyjna-PRZOD-rekawki-768x768.png",768,768,true],"large":["https:\/\/polishfighters.pl\/wp-content\/uploads\/2025\/08\/LONG_BLACK_reprezentacyjna-PRZOD-rekawki-1024x1024.png",1024,1024,true],"1536x1536":["https:\/\/polishfighters.pl\/wp-content\/uploads\/2025\/08\/LONG_BLACK_reprezentacyjna-PRZOD-rekawki.png",1200,1200,false],"2048x2048":["https:\/\/polishfighters.pl\/wp-content\/uploads\/2025\/08\/LONG_BLACK_reprezentacyjna-PRZOD-rekawki.png",1200,1200,false],"trp-custom-language-flag":["https:\/\/polishfighters.pl\/wp-content\/uploads\/2025\/08\/LONG_BLACK_reprezentacyjna-PRZOD-rekawki.png",12,12,false],"woocommerce_thumbnail":["https:\/\/polishfighters.pl\/wp-content\/uploads\/2025\/08\/LONG_BLACK_reprezentacyjna-PRZOD-rekawki-300x300.png",300,300,true],"woocommerce_single":["https:\/\/polishfighters.pl\/wp-content\/uploads\/2025\/08\/LONG_BLACK_reprezentacyjna-PRZOD-rekawki-600x600.png",600,600,true],"woocommerce_gallery_thumbnail":["https:\/\/polishfighters.pl\/wp-content\/uploads\/2025\/08\/LONG_BLACK_reprezentacyjna-PRZOD-rekawki-100x100.png",100,100,true]},"uagb_author_info":{"display_name":"Lukasz","author_link":"https:\/\/polishfighters.pl\/en\/author\/"},"uagb_comment_info":0,"uagb_excerpt":"Wi\u0119cej zakrycia, ta sama wygoda. D\u0142ugi r\u0119kaw to troch\u0119 wi\u0119cej ochrony \u2013 przed otarciami, ch\u0142odem, czy sparingpartnerem z ostrym \u0142okciem. \u015awietny do BJJ, MMA, crossa czy si\u0142ki. Chroni przed otarciami i ch\u0142odem. Trzyma si\u0119 cia\u0142a, ale nie kr\u0119puje. Dobre dopasowanie i mocny look w pakiecie. POLISHFIGHTERS - CHOD\u0179 NA TRENING. Cechy produktu: Materia\u0142: 88% poliester&hellip;","_links":{"self":[{"href":"https:\/\/polishfighters.pl\/en\/wp-json\/wp\/v2\/product\/4695","targetHints":{"allow":["GET"]}}],"collection":[{"href":"https:\/\/polishfighters.pl\/en\/wp-json\/wp\/v2\/product"}],"about":[{"href":"https:\/\/polishfighters.pl\/en\/wp-json\/wp\/v2\/types\/product"}],"replies":[{"embeddable":true,"href":"https:\/\/polishfighters.pl\/en\/wp-json\/wp\/v2\/comments?post=4695"}],"wp:featuredmedia":[{"embeddable":true,"href":"https:\/\/polishfighters.pl\/en\/wp-json\/wp\/v2\/media\/5251"}],"wp:attachment":[{"href":"https:\/\/polishfighters.pl\/en\/wp-json\/wp\/v2\/media?parent=4695"}],"wp:term":[{"taxonomy":"product_brand","embeddable":true,"href":"https:\/\/polishfighters.pl\/en\/wp-json\/wp\/v2\/product_brand?post=4695"},{"taxonomy":"product_cat","embeddable":true,"href":"https:\/\/polishfighters.pl\/en\/wp-json\/wp\/v2\/product_cat?post=4695"},{"taxonomy":"product_tag","embeddable":true,"href":"https:\/\/polishfighters.pl\/en\/wp-json\/wp\/v2\/product_tag?post=4695"}],"curies":[{"name":"wp","href":"https:\/\/api.w.org\/{rel}","templated":true}]}}