{"id":4328,"date":"2025-05-16T21:17:08","date_gmt":"2025-05-16T21:17:08","guid":{"rendered":"https:\/\/polishfighters.pl\/?post_type=product&#038;p=4328"},"modified":"2026-03-09T00:59:50","modified_gmt":"2026-03-09T00:59:50","slug":"rashguard-long-white-octagon","status":"publish","type":"product","link":"https:\/\/polishfighters.pl\/en\/product\/rashguard-long-white-octagon\/","title":{"rendered":"RASHGUARD LONG WHITE OCTAGON"},"content":{"rendered":"<p><strong>RASHGUARD LONG WHITE OCTAGON<\/strong> zapewnia ochron\u0119, kompresj\u0119 i komfort podczas najbardziej wymagaj\u0105cych sesji. Produkt pochodzi z kolekcji WOJOWNIK, inspirowanej duchem walki i determinacji prawdziwych fighter\u00f3w.<\/p>\n<p>Lekki, techniczny materia\u0142 gwarantuje maksymaln\u0105 wydajno\u015b\u0107 podczas intensywnych sesji. Nadruk sublimacyjny zapewnia 360\u00b0 pokrycia wzorem bez ogranicze\u0144 designerskich.  \u015awie\u017cy bia\u0142y kolor sprawia, \u017ce produkt pasuje do r\u00f3\u017cnych stylizacji \u2013 zar\u00f3wno treningowych, jak i casualowych.<\/p>\n<p><strong>Kluczowe cechy produktu:<\/strong><\/p>\n<ul>\n<li>Materia\u0142: 88% poliester | 280g<\/li>\n<li>Materia\u0142 kompresyjny wspieraj\u0105cy mi\u0119\u015bnie<\/li>\n<li>P\u0142askie szwy redukuj\u0105ce otarcia<\/li>\n<li>Szybkoschn\u0105cy i odprowadzaj\u0105cy wilgo\u0107<\/li>\n<li>Idealny do trening\u00f3w MMA, boksu, kickboxingu i na co dzie\u0144<\/li>\n<\/ul>\n<p>Produkt idealnie sprawdzi si\u0119 podczas MMA, BJJ, grappling, wrestling i innych sport\u00f3w walki. Doskonale sprawdza si\u0119 r\u00f3wnie\u017c podczas crossfitu i trening\u00f3w funkcjonalnych.<\/p>\n<p>Marka POLISH FIGHTERS \u0142\u0105czy polsk\u0105 tradycj\u0119 fightwear z nowoczesnym designem. Tworzymy odzie\u017c i sprz\u0119t dla tych, kt\u00f3rzy traktuj\u0105 sporty walki jako styl \u017cycia.<\/p>\n<p><strong>Choose POLISH FIGHTERS quality \u2013 order now!<\/strong><\/p>","protected":false},"excerpt":{"rendered":"<p>Wi\u0119cej zakrycia, ta sama wygoda. D\u0142ugi r\u0119kaw to troch\u0119 wi\u0119cej ochrony \u2013 przed otarciami, ch\u0142odem, czy sparingpartnerem z ostrym \u0142okciem. \u015awietny do BJJ, MMA, crossa czy si\u0142ki. Chroni przed otarciami i ch\u0142odem. Trzyma si\u0119 cia\u0142a, ale nie kr\u0119puje. Dobre dopasowanie i mocny look w pakiecie.<\/p>\n<p>POLISHFIGHTERS &#8211; CHOD\u0179 NA TRENING.<\/p>\n<hr class=\"\" data-start=\"548\" data-end=\"551\" \/>\n<p>Cechy produktu:<\/p>\n<p>Materia\u0142: 88% poliester | 12% elastyna | Gramatura: 280 g<\/p>\n<p>Kolor: bia\u0142y<\/p>\n<p>Kr\u00f3j: SPORT<\/p>\n<p>Dodatki: elastyczne nici<\/p>\n<p>Technologia: sublimacja<\/p>\n<p>Model: &#8221; OCTAGON &#8221;<\/p>\n<p>Kod produktu: <span data-sheets-root=\"1\">PF-RL-25-M-W-04<\/span><\/p>","protected":false},"featured_media":3998,"comment_status":"closed","ping_status":"closed","template":"","meta":{"_uag_custom_page_level_css":"","site-sidebar-layout":"default","site-content-layout":"","ast-site-content-layout":"default","site-content-style":"default","site-sidebar-style":"default","ast-global-header-display":"","ast-banner-title-visibility":"","ast-main-header-display":"","ast-hfb-above-header-display":"","ast-hfb-below-header-display":"","ast-hfb-mobile-header-display":"","site-post-title":"","ast-breadcrumbs-content":"","ast-featured-img":"","footer-sml-layout":"","theme-transparent-header-meta":"default","adv-header-id-meta":"","stick-header-meta":"","header-above-stick-meta":"","header-main-stick-meta":"","header-below-stick-meta":"","astra-migrate-meta-layouts":"set","ast-page-background-enabled":"default","ast-page-background-meta":{"desktop":{"background-color":"","background-image":"","background-repeat":"repeat","background-position":"center center","background-size":"auto","background-attachment":"scroll","background-type":"","background-media":"","overlay-type":"","overlay-color":"","overlay-opacity":"","overlay-gradient":""},"tablet":{"background-color":"","background-image":"","background-repeat":"repeat","background-position":"center center","background-size":"auto","background-attachment":"scroll","background-type":"","background-media":"","overlay-type":"","overlay-color":"","overlay-opacity":"","overlay-gradient":""},"mobile":{"background-color":"","background-image":"","background-repeat":"repeat","background-position":"center center","background-size":"auto","background-attachment":"scroll","background-type":"","background-media":"","overlay-type":"","overlay-color":"","overlay-opacity":"","overlay-gradient":""}},"ast-content-background-meta":{"desktop":{"background-color":"var(--ast-global-color-5)","background-image":"","background-repeat":"repeat","background-position":"center center","background-size":"auto","background-attachment":"scroll","background-type":"","background-media":"","overlay-type":"","overlay-color":"","overlay-opacity":"","overlay-gradient":""},"tablet":{"background-color":"var(--ast-global-color-5)","background-image":"","background-repeat":"repeat","background-position":"center center","background-size":"auto","background-attachment":"scroll","background-type":"","background-media":"","overlay-type":"","overlay-color":"","overlay-opacity":"","overlay-gradient":""},"mobile":{"background-color":"var(--ast-global-color-5)","background-image":"","background-repeat":"repeat","background-position":"center center","background-size":"auto","background-attachment":"scroll","background-type":"","background-media":"","overlay-type":"","overlay-color":"","overlay-opacity":"","overlay-gradient":""}}},"product_brand":[55],"product_cat":[100,60,62,83,101,139],"product_tag":[],"class_list":{"0":"post-4328","1":"product","2":"type-product","3":"status-publish","4":"has-post-thumbnail","6":"product_brand-pf","7":"product_cat-kolekcje","8":"product_cat-termoaktywna","9":"product_cat-rash-dlugi","10":"product_cat-sport","11":"product_cat-wojownik","12":"product_cat-wojownik-rashguardy-dlugie","13":"desktop-align-left","14":"tablet-align-left","15":"mobile-align-left","17":"first","18":"instock","19":"shipping-taxable","20":"purchasable","21":"product-type-variable"},"aioseo_notices":[],"uagb_featured_image_src":{"full":["https:\/\/polishfighters.pl\/wp-content\/uploads\/2025\/05\/LONG_WHITE_OKTAGON-PRZOD.png",1200,1200,false],"thumbnail":["https:\/\/polishfighters.pl\/wp-content\/uploads\/2025\/05\/LONG_WHITE_OKTAGON-PRZOD-150x150.png",150,150,true],"medium":["https:\/\/polishfighters.pl\/wp-content\/uploads\/2025\/05\/LONG_WHITE_OKTAGON-PRZOD-300x300.png",300,300,true],"medium_large":["https:\/\/polishfighters.pl\/wp-content\/uploads\/2025\/05\/LONG_WHITE_OKTAGON-PRZOD-768x768.png",768,768,true],"large":["https:\/\/polishfighters.pl\/wp-content\/uploads\/2025\/05\/LONG_WHITE_OKTAGON-PRZOD-1024x1024.png",1024,1024,true],"1536x1536":["https:\/\/polishfighters.pl\/wp-content\/uploads\/2025\/05\/LONG_WHITE_OKTAGON-PRZOD.png",1200,1200,false],"2048x2048":["https:\/\/polishfighters.pl\/wp-content\/uploads\/2025\/05\/LONG_WHITE_OKTAGON-PRZOD.png",1200,1200,false],"trp-custom-language-flag":["https:\/\/polishfighters.pl\/wp-content\/uploads\/2025\/05\/LONG_WHITE_OKTAGON-PRZOD.png",12,12,false],"woocommerce_thumbnail":["https:\/\/polishfighters.pl\/wp-content\/uploads\/2025\/05\/LONG_WHITE_OKTAGON-PRZOD-300x300.png",300,300,true],"woocommerce_single":["https:\/\/polishfighters.pl\/wp-content\/uploads\/2025\/05\/LONG_WHITE_OKTAGON-PRZOD-600x600.png",600,600,true],"woocommerce_gallery_thumbnail":["https:\/\/polishfighters.pl\/wp-content\/uploads\/2025\/05\/LONG_WHITE_OKTAGON-PRZOD-100x100.png",100,100,true]},"uagb_author_info":{"display_name":"Artur Makowski","author_link":"https:\/\/polishfighters.pl\/en\/author\/"},"uagb_comment_info":0,"uagb_excerpt":"Wi\u0119cej zakrycia, ta sama wygoda. D\u0142ugi r\u0119kaw to troch\u0119 wi\u0119cej ochrony \u2013 przed otarciami, ch\u0142odem, czy sparingpartnerem z ostrym \u0142okciem. \u015awietny do BJJ, MMA, crossa czy si\u0142ki. Chroni przed otarciami i ch\u0142odem. Trzyma si\u0119 cia\u0142a, ale nie kr\u0119puje. Dobre dopasowanie i mocny look w pakiecie. POLISHFIGHTERS - CHOD\u0179 NA TRENING. Cechy produktu: Materia\u0142: 88% poliester&hellip;","_links":{"self":[{"href":"https:\/\/polishfighters.pl\/en\/wp-json\/wp\/v2\/product\/4328","targetHints":{"allow":["GET"]}}],"collection":[{"href":"https:\/\/polishfighters.pl\/en\/wp-json\/wp\/v2\/product"}],"about":[{"href":"https:\/\/polishfighters.pl\/en\/wp-json\/wp\/v2\/types\/product"}],"replies":[{"embeddable":true,"href":"https:\/\/polishfighters.pl\/en\/wp-json\/wp\/v2\/comments?post=4328"}],"wp:featuredmedia":[{"embeddable":true,"href":"https:\/\/polishfighters.pl\/en\/wp-json\/wp\/v2\/media\/3998"}],"wp:attachment":[{"href":"https:\/\/polishfighters.pl\/en\/wp-json\/wp\/v2\/media?parent=4328"}],"wp:term":[{"taxonomy":"product_brand","embeddable":true,"href":"https:\/\/polishfighters.pl\/en\/wp-json\/wp\/v2\/product_brand?post=4328"},{"taxonomy":"product_cat","embeddable":true,"href":"https:\/\/polishfighters.pl\/en\/wp-json\/wp\/v2\/product_cat?post=4328"},{"taxonomy":"product_tag","embeddable":true,"href":"https:\/\/polishfighters.pl\/en\/wp-json\/wp\/v2\/product_tag?post=4328"}],"curies":[{"name":"wp","href":"https:\/\/api.w.org\/{rel}","templated":true}]}}