{"id":5366,"date":"2025-08-19T13:51:10","date_gmt":"2025-08-19T13:51:10","guid":{"rendered":"https:\/\/polishfighters.pl\/?post_type=product&#038;p=5366"},"modified":"2026-03-09T00:59:55","modified_gmt":"2026-03-09T00:59:55","slug":"rekawice-bokserskie-sznurowane-raptor-pro-green","status":"publish","type":"product","link":"https:\/\/polishfighters.pl\/de\/product\/rekawice-bokserskie-sznurowane-raptor-pro-green\/","title":{"rendered":"R\u0118KAWICE BOKSERSKIE SZNUROWANE RAPTOR PRO GREEN"},"content":{"rendered":"<p><strong>R\u0118KAWICE BOKSERSKIE SZNUROWANE RAPTOR PRO GREEN<\/strong> stanowi\u0105 niezb\u0119dny element wyposa\u017cenia ka\u017cdego boksera i kickboksera.<\/p>\n<p>Wykonany z najwy\u017cszej jako\u015bci sk\u00f3ry naturalnej, zapewnia trwa\u0142o\u015b\u0107 i profesjonalne w\u0142a\u015bciwo\u015bci. Starannie wykonane zdobienie zapewnia trwa\u0142o\u015b\u0107 i estetyczny wygl\u0105d na lata.  Wyj\u0105tkowy czarny \/ zielony neon kolor sprawia, \u017ce produkt pasuje do r\u00f3\u017cnych stylizacji \u2013 zar\u00f3wno treningowych, jak i casualowych.<\/p>\n<p><strong>Kluczowe cechy produktu:<\/strong><\/p>\n<ul>\n<li>Materia\u0142: 100 % Sk\u00f3ra<\/li>\n<li>Anatomiczny kszta\u0142t dla optymalnego dopasowania<\/li>\n<li>Wielowarstwowa pianka amortyzuj\u0105ca<\/li>\n<li>Idealny do trening\u00f3w MMA, boksu, kickboxingu i na co dzie\u0144<\/li>\n<\/ul>\n<p>Produkt idealnie sprawdzi si\u0119 podczas boksu, kickboxingu, Muay Thai i MMA. Profesjonalny sprz\u0119t dla amator\u00f3w i zawodnik\u00f3w.<\/p>\n<p>Marka POLISH FIGHTERS \u0142\u0105czy polsk\u0105 tradycj\u0119 fightwear z nowoczesnym designem. Tworzymy odzie\u017c i sprz\u0119t dla tych, kt\u00f3rzy traktuj\u0105 sporty walki jako styl \u017cycia.<\/p>\n<p><strong>Zam\u00f3w teraz i do\u0142\u0105cz do spo\u0142eczno\u015bci POLISH FIGHTERS!<\/strong><\/p>","protected":false},"excerpt":{"rendered":"<p><!--StartFragment --><\/p>\n<p class=\"pf0\"><span class=\"cf0\">Klasyczne r\u0119kawice bokserskie ze sk\u00f3ry, wybierane przez zawodnik\u00f3w ceni\u0105cych perfekcyjne dopasowanie i maksymaln\u0105 ochron\u0119 nadgarstka. Sznurowanie gwarantuje stabilizacj\u0119 i komfort, a wytrzyma\u0142a sk\u00f3ra bydl\u0119ca sprawia, \u017ce to sprz\u0119t na lata. Idealne do sparing\u00f3w oraz profesjonalnych walk.<\/span><\/p>\n<p class=\"pf0\"><span class=\"cf0\">POLISHFIGHTERS &#8211; CHOD\u0179 NA TRENING.<\/span><\/p>\n<hr class=\"\" data-start=\"548\" data-end=\"551\" \/>\n<p class=\"pf0\"><span class=\"cf0\">Cechy produktu:<\/span><\/p>\n<ul>\n<li class=\"pf0\"><span class=\"cf0\">Materia\u0142: 100 % Sk\u00f3ra<\/span><\/li>\n<li class=\"pf0\"><span class=\"cf0\">Kolor: czarny \/ zielony neon<\/span><\/li>\n<li class=\"pf0\"><span class=\"cf0\">Zapi\u0119cie: <\/span><span class=\"cf1\">sznur<\/span><\/li>\n<li class=\"pf0\"><span class=\"cf0\">Przeznaczenie: <\/span><span class=\"cf1\"> zawodowy <\/span><span class=\"cf0\">sparing\u00a0<\/span><\/li>\n<li class=\"pf0\"><span class=\"cf0\">Wyko\u0144czenie: Grafika<\/span><\/li>\n<li class=\"pf0\"><span class=\"cf0\">Model: &#8221; RAPTOR PRO &#8222;<\/span><\/li>\n<li class=\"pf0\"><span class=\"cf0\">Kod produktu: PF-BOX-25-M-G-2<\/span><\/li>\n<\/ul>\n<p><!--EndFragment --><\/p>","protected":false},"featured_media":5333,"comment_status":"closed","ping_status":"closed","template":"","meta":{"_uag_custom_page_level_css":"","site-sidebar-layout":"default","site-content-layout":"","ast-site-content-layout":"default","site-content-style":"default","site-sidebar-style":"default","ast-global-header-display":"","ast-banner-title-visibility":"","ast-main-header-display":"","ast-hfb-above-header-display":"","ast-hfb-below-header-display":"","ast-hfb-mobile-header-display":"","site-post-title":"","ast-breadcrumbs-content":"","ast-featured-img":"","footer-sml-layout":"","theme-transparent-header-meta":"default","adv-header-id-meta":"","stick-header-meta":"","header-above-stick-meta":"","header-main-stick-meta":"","header-below-stick-meta":"","astra-migrate-meta-layouts":"set","ast-page-background-enabled":"default","ast-page-background-meta":{"desktop":{"background-color":"","background-image":"","background-repeat":"repeat","background-position":"center center","background-size":"auto","background-attachment":"scroll","background-type":"","background-media":"","overlay-type":"","overlay-color":"","overlay-opacity":"","overlay-gradient":""},"tablet":{"background-color":"","background-image":"","background-repeat":"repeat","background-position":"center center","background-size":"auto","background-attachment":"scroll","background-type":"","background-media":"","overlay-type":"","overlay-color":"","overlay-opacity":"","overlay-gradient":""},"mobile":{"background-color":"","background-image":"","background-repeat":"repeat","background-position":"center center","background-size":"auto","background-attachment":"scroll","background-type":"","background-media":"","overlay-type":"","overlay-color":"","overlay-opacity":"","overlay-gradient":""}},"ast-content-background-meta":{"desktop":{"background-color":"var(--ast-global-color-5)","background-image":"","background-repeat":"repeat","background-position":"center center","background-size":"auto","background-attachment":"scroll","background-type":"","background-media":"","overlay-type":"","overlay-color":"","overlay-opacity":"","overlay-gradient":""},"tablet":{"background-color":"var(--ast-global-color-5)","background-image":"","background-repeat":"repeat","background-position":"center center","background-size":"auto","background-attachment":"scroll","background-type":"","background-media":"","overlay-type":"","overlay-color":"","overlay-opacity":"","overlay-gradient":""},"mobile":{"background-color":"var(--ast-global-color-5)","background-image":"","background-repeat":"repeat","background-position":"center center","background-size":"auto","background-attachment":"scroll","background-type":"","background-media":"","overlay-type":"","overlay-color":"","overlay-opacity":"","overlay-gradient":""}}},"product_brand":[55],"product_cat":[76,93],"product_tag":[],"class_list":{"0":"post-5366","1":"product","2":"type-product","3":"status-publish","4":"has-post-thumbnail","6":"product_brand-pf","7":"product_cat-sprzet-sportowy","8":"product_cat-rekawice-bokserskie-sznurowane","9":"desktop-align-left","10":"tablet-align-left","11":"mobile-align-left","13":"first","14":"instock","15":"shipping-taxable","16":"purchasable","17":"product-type-variable"},"aioseo_notices":[],"uagb_featured_image_src":{"full":["https:\/\/polishfighters.pl\/wp-content\/uploads\/2025\/08\/1-10-scaled.jpg",1707,2560,false],"thumbnail":["https:\/\/polishfighters.pl\/wp-content\/uploads\/2025\/08\/1-10-150x150.jpg",150,150,true],"medium":["https:\/\/polishfighters.pl\/wp-content\/uploads\/2025\/08\/1-10-200x300.jpg",200,300,true],"medium_large":["https:\/\/polishfighters.pl\/wp-content\/uploads\/2025\/08\/1-10-768x1152.jpg",768,1152,true],"large":["https:\/\/polishfighters.pl\/wp-content\/uploads\/2025\/08\/1-10-683x1024.jpg",683,1024,true],"1536x1536":["https:\/\/polishfighters.pl\/wp-content\/uploads\/2025\/08\/1-10-1024x1536.jpg",1024,1536,true],"2048x2048":["https:\/\/polishfighters.pl\/wp-content\/uploads\/2025\/08\/1-10-1365x2048.jpg",1365,2048,true],"trp-custom-language-flag":["https:\/\/polishfighters.pl\/wp-content\/uploads\/2025\/08\/1-10-scaled.jpg",8,12,false],"woocommerce_thumbnail":["https:\/\/polishfighters.pl\/wp-content\/uploads\/2025\/08\/1-10-300x300.jpg",300,300,true],"woocommerce_single":["https:\/\/polishfighters.pl\/wp-content\/uploads\/2025\/08\/1-10-600x900.jpg",600,900,true],"woocommerce_gallery_thumbnail":["https:\/\/polishfighters.pl\/wp-content\/uploads\/2025\/08\/1-10-100x100.jpg",100,100,true]},"uagb_author_info":{"display_name":"Lukasz","author_link":"https:\/\/polishfighters.pl\/de\/author\/"},"uagb_comment_info":0,"uagb_excerpt":"Klasyczne r\u0119kawice bokserskie ze sk\u00f3ry, wybierane przez zawodnik\u00f3w ceni\u0105cych perfekcyjne dopasowanie i maksymaln\u0105 ochron\u0119 nadgarstka. Sznurowanie gwarantuje stabilizacj\u0119 i komfort, a wytrzyma\u0142a sk\u00f3ra bydl\u0119ca sprawia, \u017ce to sprz\u0119t na lata. Idealne do sparing\u00f3w oraz profesjonalnych walk. POLISHFIGHTERS - CHOD\u0179 NA TRENING. Cechy produktu: Materia\u0142: 100 % Sk\u00f3ra Kolor: czarny \/ zielony neon Zapi\u0119cie: sznur Przeznaczenie:&hellip;","_links":{"self":[{"href":"https:\/\/polishfighters.pl\/de\/wp-json\/wp\/v2\/product\/5366","targetHints":{"allow":["GET"]}}],"collection":[{"href":"https:\/\/polishfighters.pl\/de\/wp-json\/wp\/v2\/product"}],"about":[{"href":"https:\/\/polishfighters.pl\/de\/wp-json\/wp\/v2\/types\/product"}],"replies":[{"embeddable":true,"href":"https:\/\/polishfighters.pl\/de\/wp-json\/wp\/v2\/comments?post=5366"}],"wp:featuredmedia":[{"embeddable":true,"href":"https:\/\/polishfighters.pl\/de\/wp-json\/wp\/v2\/media\/5333"}],"wp:attachment":[{"href":"https:\/\/polishfighters.pl\/de\/wp-json\/wp\/v2\/media?parent=5366"}],"wp:term":[{"taxonomy":"product_brand","embeddable":true,"href":"https:\/\/polishfighters.pl\/de\/wp-json\/wp\/v2\/product_brand?post=5366"},{"taxonomy":"product_cat","embeddable":true,"href":"https:\/\/polishfighters.pl\/de\/wp-json\/wp\/v2\/product_cat?post=5366"},{"taxonomy":"product_tag","embeddable":true,"href":"https:\/\/polishfighters.pl\/de\/wp-json\/wp\/v2\/product_tag?post=5366"}],"curies":[{"name":"wp","href":"https:\/\/api.w.org\/{rel}","templated":true}]}}