{"id":4906,"date":"2025-08-02T12:57:24","date_gmt":"2025-08-02T12:57:24","guid":{"rendered":"https:\/\/polishfighters.pl\/?post_type=product&#038;p=4906"},"modified":"2026-03-09T00:59:52","modified_gmt":"2026-03-09T00:59:52","slug":"spodenki-vale-tudo-white-instynkt-zubr","status":"publish","type":"product","link":"https:\/\/polishfighters.pl\/de\/product\/spodenki-vale-tudo-white-instynkt-zubr\/","title":{"rendered":"KURZARMS VALE TUF\u00c3\u009cR WEISS INSTINKT \u017bUBR"},"content":{"rendered":"<p><strong>KURZARMS VALE TUF\u00c3\u009cR WEISS INSTINKT \u017bUBR<\/strong> zapewniaj\u0105 swobod\u0119 ruch\u00f3w i optymaln\u0105 wentylacj\u0119 podczas wysi\u0142ku. Produkt pochodzi z kolekcji INSTYNKT, nawi\u0105zuj\u0105cej do pierwotnych instynkt\u00f3w i si\u0142y natury.<\/p>\n<p>Lekki, techniczny materia\u0142 gwarantuje maksymaln\u0105 wydajno\u015b\u0107 podczas intensywnych sesji. Nadruk sublimacyjny zapewnia 360\u00b0 pokrycia wzorem bez ogranicze\u0144 designerskich.  Czysty bia\u0142y kolor sprawia, \u017ce produkt pasuje do r\u00f3\u017cnych stylizacji \u2013 zar\u00f3wno treningowych, jak i casualowych.<\/p>\n<p><strong>Kluczowe cechy produktu:<\/strong><\/p>\n<ul>\n<li>Materia\u0142: 88% poliester | 280g<\/li>\n<li>Kr\u00f3tki kr\u00f3j dla maksymalnej swobody<\/li>\n<li>Wzmocnione szwy w miejscach nara\u017conych na rozdarcie<\/li>\n<li>Idealny do trening\u00f3w MMA, boksu, kickboxingu i na co dzie\u0144<\/li>\n<\/ul>\n<p>Produkt idealnie sprawdzi si\u0119 podczas MMA, BJJ, grappline, no-gi i innych sport\u00f3w walki. Zaprojektowane z my\u015bl\u0105 o maksymalnej swobodzie ruch\u00f3w.<\/p>\n<p>POLISH FIGHTERS to polska marka tworzona przez pasjonat\u00f3w sport\u00f3w walki. Ka\u017cdy produkt powstaje z my\u015bl\u0105 o komforcie, trwa\u0142o\u015bci i stylu, kt\u00f3re doceni\u0105 prawdziwi wojownicy.<\/p>\n<p><strong>Tw\u00f3j nast\u0119pny trening zas\u0142uguje na POLISH FIGHTERS!<\/strong><\/p>","protected":false},"excerpt":{"rendered":"<p>Kr\u00f3tkie, mocno dopasowane i totalnie funkcjonalne. Dla tych, kt\u00f3rzy wol\u0105 minimum materia\u0142u i maksimum kontroli. Nie przesuwaj\u0105 si\u0119 nawet podczas ostrej rundy. Nie odstaj\u0105, nie przeszkadzaj\u0105 w \u017cadnej pozycji. Idealne do parteru, pod kimono albo solo. Komfort, kt\u00f3ry trzyma si\u0119 cia\u0142a i nie zawodzi.<\/p>\n<p>POLISHFIGHTERS &#8211; CHOD\u0179 NA TRENING.<\/p>\n<hr class=\"\" data-start=\"548\" data-end=\"551\" \/>\n<p>Cechy produktu:<\/p>\n<ul>\n<li>Materia\u0142: 88% poliester | 12% elastyna | Gramatura: 280 g<\/li>\n<li>Kolor: bia\u0142y<\/li>\n<li>Kr\u00f3j: SPORT-<\/li>\n<li>Dodatki: elastyczne nici<\/li>\n<li>Technologia: sublimacja<\/li>\n<li>Model: &#8221; INSTINKT \u017bUBR &#8222;<\/li>\n<li>Kod produktu: <span data-sheets-root=\"1\">PF-VT-25-M-W-14<\/span><\/li>\n<\/ul>","protected":false},"featured_media":5946,"comment_status":"closed","ping_status":"closed","template":"","meta":{"_uag_custom_page_level_css":"","site-sidebar-layout":"default","site-content-layout":"","ast-site-content-layout":"default","site-content-style":"default","site-sidebar-style":"default","ast-global-header-display":"","ast-banner-title-visibility":"","ast-main-header-display":"","ast-hfb-above-header-display":"","ast-hfb-below-header-display":"","ast-hfb-mobile-header-display":"","site-post-title":"","ast-breadcrumbs-content":"","ast-featured-img":"","footer-sml-layout":"","theme-transparent-header-meta":"default","adv-header-id-meta":"","stick-header-meta":"","header-above-stick-meta":"","header-main-stick-meta":"","header-below-stick-meta":"","astra-migrate-meta-layouts":"set","ast-page-background-enabled":"default","ast-page-background-meta":{"desktop":{"background-color":"","background-image":"","background-repeat":"repeat","background-position":"center center","background-size":"auto","background-attachment":"scroll","background-type":"","background-media":"","overlay-type":"","overlay-color":"","overlay-opacity":"","overlay-gradient":""},"tablet":{"background-color":"","background-image":"","background-repeat":"repeat","background-position":"center center","background-size":"auto","background-attachment":"scroll","background-type":"","background-media":"","overlay-type":"","overlay-color":"","overlay-opacity":"","overlay-gradient":""},"mobile":{"background-color":"","background-image":"","background-repeat":"repeat","background-position":"center center","background-size":"auto","background-attachment":"scroll","background-type":"","background-media":"","overlay-type":"","overlay-color":"","overlay-opacity":"","overlay-gradient":""}},"ast-content-background-meta":{"desktop":{"background-color":"var(--ast-global-color-5)","background-image":"","background-repeat":"repeat","background-position":"center center","background-size":"auto","background-attachment":"scroll","background-type":"","background-media":"","overlay-type":"","overlay-color":"","overlay-opacity":"","overlay-gradient":""},"tablet":{"background-color":"var(--ast-global-color-5)","background-image":"","background-repeat":"repeat","background-position":"center center","background-size":"auto","background-attachment":"scroll","background-type":"","background-media":"","overlay-type":"","overlay-color":"","overlay-opacity":"","overlay-gradient":""},"mobile":{"background-color":"var(--ast-global-color-5)","background-image":"","background-repeat":"repeat","background-position":"center center","background-size":"auto","background-attachment":"scroll","background-type":"","background-media":"","overlay-type":"","overlay-color":"","overlay-opacity":"","overlay-gradient":""}}},"product_brand":[55],"product_cat":[100,103,122,83,60,64],"product_tag":[],"class_list":{"0":"post-4906","1":"product","2":"type-product","3":"status-publish","4":"has-post-thumbnail","6":"product_brand-pf","7":"product_cat-kolekcje","8":"product_cat-instynkt","9":"product_cat-instynkt-spodenki-vale-tudo","10":"product_cat-sport","11":"product_cat-termoaktywna","12":"product_cat-spodenki-vale-tudo","13":"desktop-align-left","14":"tablet-align-left","15":"mobile-align-left","17":"first","18":"instock","19":"shipping-taxable","20":"purchasable","21":"product-type-variable"},"aioseo_notices":[],"uagb_featured_image_src":{"full":["https:\/\/polishfighters.pl\/wp-content\/uploads\/2025\/08\/vale-tudo_zubr-biale.png",1200,1200,false],"thumbnail":["https:\/\/polishfighters.pl\/wp-content\/uploads\/2025\/08\/vale-tudo_zubr-biale-150x150.png",150,150,true],"medium":["https:\/\/polishfighters.pl\/wp-content\/uploads\/2025\/08\/vale-tudo_zubr-biale-300x300.png",300,300,true],"medium_large":["https:\/\/polishfighters.pl\/wp-content\/uploads\/2025\/08\/vale-tudo_zubr-biale-768x768.png",768,768,true],"large":["https:\/\/polishfighters.pl\/wp-content\/uploads\/2025\/08\/vale-tudo_zubr-biale-1024x1024.png",1024,1024,true],"1536x1536":["https:\/\/polishfighters.pl\/wp-content\/uploads\/2025\/08\/vale-tudo_zubr-biale.png",1200,1200,false],"2048x2048":["https:\/\/polishfighters.pl\/wp-content\/uploads\/2025\/08\/vale-tudo_zubr-biale.png",1200,1200,false],"trp-custom-language-flag":["https:\/\/polishfighters.pl\/wp-content\/uploads\/2025\/08\/vale-tudo_zubr-biale.png",12,12,false],"woocommerce_thumbnail":["https:\/\/polishfighters.pl\/wp-content\/uploads\/2025\/08\/vale-tudo_zubr-biale-300x300.png",300,300,true],"woocommerce_single":["https:\/\/polishfighters.pl\/wp-content\/uploads\/2025\/08\/vale-tudo_zubr-biale-600x600.png",600,600,true],"woocommerce_gallery_thumbnail":["https:\/\/polishfighters.pl\/wp-content\/uploads\/2025\/08\/vale-tudo_zubr-biale-100x100.png",100,100,true]},"uagb_author_info":{"display_name":"Lukasz","author_link":"https:\/\/polishfighters.pl\/de\/author\/"},"uagb_comment_info":0,"uagb_excerpt":"Kr\u00f3tkie, mocno dopasowane i totalnie funkcjonalne. Dla tych, kt\u00f3rzy wol\u0105 minimum materia\u0142u i maksimum kontroli. Nie przesuwaj\u0105 si\u0119 nawet podczas ostrej rundy. Nie odstaj\u0105, nie przeszkadzaj\u0105 w \u017cadnej pozycji. Idealne do parteru, pod kimono albo solo. Komfort, kt\u00f3ry trzyma si\u0119 cia\u0142a i nie zawodzi. POLISHFIGHTERS - CHOD\u0179 NA TRENING. Cechy produktu: Materia\u0142: 88% poliester |&hellip;","_links":{"self":[{"href":"https:\/\/polishfighters.pl\/de\/wp-json\/wp\/v2\/product\/4906","targetHints":{"allow":["GET"]}}],"collection":[{"href":"https:\/\/polishfighters.pl\/de\/wp-json\/wp\/v2\/product"}],"about":[{"href":"https:\/\/polishfighters.pl\/de\/wp-json\/wp\/v2\/types\/product"}],"replies":[{"embeddable":true,"href":"https:\/\/polishfighters.pl\/de\/wp-json\/wp\/v2\/comments?post=4906"}],"wp:featuredmedia":[{"embeddable":true,"href":"https:\/\/polishfighters.pl\/de\/wp-json\/wp\/v2\/media\/5946"}],"wp:attachment":[{"href":"https:\/\/polishfighters.pl\/de\/wp-json\/wp\/v2\/media?parent=4906"}],"wp:term":[{"taxonomy":"product_brand","embeddable":true,"href":"https:\/\/polishfighters.pl\/de\/wp-json\/wp\/v2\/product_brand?post=4906"},{"taxonomy":"product_cat","embeddable":true,"href":"https:\/\/polishfighters.pl\/de\/wp-json\/wp\/v2\/product_cat?post=4906"},{"taxonomy":"product_tag","embeddable":true,"href":"https:\/\/polishfighters.pl\/de\/wp-json\/wp\/v2\/product_tag?post=4906"}],"curies":[{"name":"wp","href":"https:\/\/api.w.org\/{rel}","templated":true}]}}