{"id":4627,"date":"2025-07-16T11:16:12","date_gmt":"2025-07-16T11:16:12","guid":{"rendered":"https:\/\/polishfighters.pl\/?page_id=4627"},"modified":"2025-09-23T08:46:27","modified_gmt":"2025-09-23T08:46:27","slug":"regulamin","status":"publish","type":"page","link":"https:\/\/polishfighters.pl\/de\/regulamin\/","title":{"rendered":"AGB"},"content":{"rendered":"<hr class=\"wp-block-separator has-alpha-channel-opacity\"\/>\n\n\n\n<h1 class=\"wp-block-heading\"><strong>REGULAMIN SKLEPU INTERNETOWEGO POLISHFIGHTERS.PL<\/strong><\/h1>\n\n\n\n<hr class=\"wp-block-separator has-alpha-channel-opacity\"\/>\n\n\n\n<h2 class=\"wp-block-heading\">\u00a7 1. Definicje<\/h2>\n\n\n\n<p><strong>AGB<\/strong> \u2013 niniejszy dokument okre\u015blaj\u0105cy zasady sprzeda\u017cy w sklepie internetowym POLISHFIGHTERS.PL.<\/p>\n\n\n\n<p><strong>Klient<\/strong> \u2013 osoba fizyczna, osoba prawna lub jednostka organizacyjna nieposiadaj\u0105ca osobowo\u015bci prawnej, kt\u00f3ra dokonuje zakupu w sklepie.<\/p>\n\n\n\n<p><strong>Konsument<\/strong> \u2013 osoba fizyczna dokonuj\u0105ca zakupu niezwi\u0105zanego bezpo\u015brednio z jej dzia\u0142alno\u015bci\u0105 gospodarcz\u0105 lub zawodow\u0105.<\/p>\n\n\n\n<p><strong>Przedsi\u0119biorca na prawach konsumenta<\/strong> \u2013 osoba fizyczna prowadz\u0105ca dzia\u0142alno\u015b\u0107 gospodarcz\u0105, kt\u00f3ra dokonuje zakupu niezwi\u0105zanego z zawodowym charakterem tej dzia\u0142alno\u015bci.<\/p>\n\n\n\n<p><strong>Sprzedawca<\/strong> \u2013 Sprzedawca \u2013 POLISHFIGHTERS SP\u00d3\u0141KA Z OGRANICZON\u0104 ODPOWIEDZIALNO\u015aCI\u0104, ul. Partyzant\u00f3w\u00a023\/8 , 43-300 Bielsko-Bia\u0142a, e-mail: <a href=\"mailto:kontakt@polishfighters.pl\">kontakt@polishfighters.pl<\/a>, NIP 5472251404, REGON 541112510 krs 0001160296krs 0001160296.<\/p>\n\n\n\n<p><strong>Sklep internetowy<\/strong> \u2013 serwis F\u00c3\u009cRst\u0119pny pod adresem <a href=\"https:\/\/polishfighters.pl\/de\/\">https:\/\/polishfighters.pl<\/a> umo\u017cliwiaj\u0105cy zakup odzie\u017cy sportowej i akcesori\u00f3w.<\/p>\n\n\n\n<p><strong>Towar<\/strong> \u2013 produkty fizyczne dost\u0119pne w sklepie, np. odzie\u017c sportowa, r\u0119kawice bokserskie, akcesoria treningowe.<\/p>\n\n\n\n<p><strong>Umowa sprzeda\u017cy na odleg\u0142o\u015b\u0107<\/strong> \u2013 umowa zawarta mi\u0119dzy Sprzedawc\u0105 a Klientem za po\u015brednictwem sklepu internetowego.<\/p>\n\n\n\n<p><strong>Formularz zam\u00f3wienia<\/strong> \u2013 elektroniczny formularz umo\u017cliwiaj\u0105cy z\u0142o\u017cenie zam\u00f3wienia.<\/p>\n\n\n\n<p><strong>Konto<\/strong> \u2013 indywidualny profil Klienta w sklepie umo\u017cliwiaj\u0105cy m.in. sk\u0142adanie zam\u00f3wie\u0144 i przegl\u0105danie historii zakup\u00f3w.<\/p>\n\n\n\n<p><strong>Dokument sprzeda\u017cy<\/strong> \u2013 paragon lub faktura VAT.<\/p>\n\n\n\n<p><strong>Datenschutzrichtlinie<\/strong> \u2013 dokument okre\u015blaj\u0105cy zasady przetwarzania danych osobowych dost\u0119pny na stronie sklepu.<\/p>\n\n\n\n<hr class=\"wp-block-separator has-alpha-channel-opacity\"\/>\n\n\n\n<h2 class=\"wp-block-heading\">\u00a7 2. Postanowienia og\u00f3lne<\/h2>\n\n\n\n<ol class=\"wp-block-list\">\n<li>Regulamin okre\u015bla zasady korzystania ze sklepu, sk\u0142adania zam\u00f3wie\u0144, p\u0142atno\u015bci, dostawy, odst\u0105pienia od umowy oraz reklamacji.<\/li>\n\n\n\n<li>Klient jest zobowi\u0105zany do zapoznania si\u0119 z Regulaminem przed z\u0142o\u017ceniem zam\u00f3wienia. Z\u0142o\u017cenie zam\u00f3wienia oznacza jego akceptacj\u0119.<\/li>\n\n\n\n<li>Sprzedawca prowadzi sprzeda\u017c odzie\u017cy sportowej i akcesori\u00f3w (np. r\u0119kawice bokserskie).<\/li>\n\n\n\n<li>Korzystanie ze sklepu wymaga urz\u0105dzenia z dost\u0119pem do internetu i przegl\u0105darki internetowej.<\/li>\n\n\n\n<li>Ceny produkt\u00f3w s\u0105 wyra\u017cone w z\u0142otych polskich i zawieraj\u0105 podatek VAT.<\/li>\n\n\n\n<li>Informacje o produktach nie stanowi\u0105 oferty w rozumieniu Kodeksu cywilnego, lecz zaproszenie do zawarcia umowy.<\/li>\n\n\n\n<li>Sprzedawca zapewnia bezpiecze\u0144stwo danych poprzez stosowanie odpowiednich \u015brodk\u00f3w technicznych i organizacyjnych.<\/li>\n<\/ol>\n\n\n\n<hr class=\"wp-block-separator has-alpha-channel-opacity\"\/>\n\n\n\n<h2 class=\"wp-block-heading\">\u00a7 3. Zam\u00f3wienia<\/h2>\n\n\n\n<ol class=\"wp-block-list\">\n<li>Zam\u00f3wienia mo\u017cna sk\u0142ada\u0107 poprzez:\n<ul class=\"wp-block-list\">\n<li>za\u0142o\u017cenie Konta,<\/li>\n\n\n\n<li>zakupy bez rejestracji.<\/li>\n<\/ul>\n<\/li>\n\n\n\n<li>Zam\u00f3wienia sk\u0142ada si\u0119 poprzez wype\u0142nienie Formularza zam\u00f3wienia lub wyb\u00f3r szybkich metod p\u0142atno\u015bci (np. Google Pay, Apple Pay).<\/li>\n\n\n\n<li>Formularz zam\u00f3wienia zawiera m.in.:\n<ul class=\"wp-block-list\">\n<li>wybrane produkty,<\/li>\n\n\n\n<li>ilo\u015b\u0107,<\/li>\n\n\n\n<li>cen\u0119 jednostkow\u0105 i \u0142\u0105czn\u0105,<\/li>\n\n\n\n<li>koszty dostawy,<\/li>\n\n\n\n<li>metod\u0119 p\u0142atno\u015bci,<\/li>\n\n\n\n<li>adres F\u00c3\u009cRstawy.<\/li>\n<\/ul>\n<\/li>\n\n\n\n<li>Klient przed z\u0142o\u017ceniem zam\u00f3wienia musi zaakceptowa\u0107 Regulamin.<\/li>\n\n\n\n<li>Z\u0142o\u017cenie zam\u00f3wienia nast\u0119puje poprzez klikni\u0119cie przycisku \u201eZamawiam i p\u0142ac\u0119\u201d.<\/li>\n\n\n\n<li>Umowa sprzeda\u017cy na odleg\u0142o\u015b\u0107 zostaje zawarta z chwil\u0105 potwierdzenia przyj\u0119cia zam\u00f3wienia przez Sprzedawc\u0119.<\/li>\n\n\n\n<li>Po z\u0142o\u017ceniu zam\u00f3wienia Klient otrzymuje e-mail z potwierdzeniem zam\u00f3wienia, jego szczeg\u00f3\u0142ami oraz Regulaminem.<\/li>\n\n\n\n<li>Do rozpocz\u0119cia realizacji zam\u00f3wienia Klient mo\u017ce:\n<ul class=\"wp-block-list\">\n<li>zmieni\u0107 zam\u00f3wienie,<\/li>\n\n\n\n<li>anulowa\u0107 zam\u00f3wienie.<\/li>\n<\/ul>\n<\/li>\n\n\n\n<li>Sprzedawca w przypadku anulowania zam\u00f3wienia zwraca otrzymane \u015brodki w ci\u0105gu 3 dni roboczych.<\/li>\n\n\n\n<li>Czas realizacji zam\u00f3wienia wynosi od 1 do 15 dni roboczych od zawarcia umowy.<\/li>\n<\/ol>\n\n\n\n<hr class=\"wp-block-separator has-alpha-channel-opacity\"\/>\n\n\n\n<h2 class=\"wp-block-heading\">\u00a7 4. P\u0142atno\u015bci<\/h2>\n\n\n\n<ol class=\"wp-block-list\">\n<li>Sklep umo\u017cliwia p\u0142atno\u015b\u0107:\n<ul class=\"wp-block-list\">\n<li>przedp\u0142at\u0105 (przelew online, karty p\u0142atnicze),<\/li>\n<\/ul>\n<\/li>\n\n\n\n<li>Spos\u00f3b p\u0142atno\u015bci wybierany jest w Formularzu zam\u00f3wienia.<\/li>\n\n\n\n<li>Sprzedawca wystawia Dokument sprzeda\u017cy i przesy\u0142a go Klientowi elektronicznie lub fizycznie z przesy\u0142k\u0105.<\/li>\n\n\n\n<li>Szczeg\u00f3\u0142owe informacje o metodach p\u0142atno\u015bci dost\u0119pne s\u0105 na stronie sklepu.<\/li>\n<\/ol>\n\n\n\n<hr class=\"wp-block-separator has-alpha-channel-opacity\"\/>\n\n\n\n<h2 class=\"wp-block-heading\">\u00a7 5. F\u00c3\u009cRstawa<\/h2>\n\n\n\n<ol class=\"wp-block-list\">\n<li>Klient wybiera spos\u00f3b dostawy podczas sk\u0142adania zam\u00f3wienia.<\/li>\n\n\n\n<li>Opcje dostawy i ich koszty s\u0105 widoczne w Formularzu zam\u00f3wienia.<\/li>\n\n\n\n<li>Je\u015bli Klient nie odbierze przesy\u0142ki, Sprzedawca mo\u017ce odst\u0105pi\u0107 od umowy po uprzednim wezwaniu e-mailowym.<\/li>\n\n\n\n<li>W przypadku odst\u0105pienia Sprzedawca zwraca Klientowi otrzymane \u015brodki.<\/li>\n<\/ol>\n\n\n\n<hr class=\"wp-block-separator has-alpha-channel-opacity\"\/>\n\n\n\n<h2 class=\"wp-block-heading\">\u00a7 6. Prawo odst\u0105pienia od umowy<\/h2>\n\n\n\n<ol class=\"wp-block-list\">\n<li>Konsument i Przedsi\u0119biorca na prawach konsumenta maj\u0105 prawo odst\u0105pi\u0107 od umowy w terminie 30 dni bez podania przyczyny.<\/li>\n\n\n\n<li>Termin liczony jest od dnia otrzymania towaru.<\/li>\n\n\n\n<li>Aby skorzysta\u0107 z prawa odst\u0105pienia, nale\u017cy:\n<ul class=\"wp-block-list\">\n<li>skorzysta\u0107 z formularza zwrotu dost\u0119pnego w sklepie,<\/li>\n\n\n\n<li>lub wys\u0142a\u0107 o\u015bwiadczenie e-mailowo na <a href=\"mailto:kontakt@polishfighters.pl\">kontakt@polishfighters.pl<\/a> lub poczt\u0105 tradycyjn\u0105.<\/li>\n<\/ul>\n<\/li>\n\n\n\n<li>Sprzedawca potwierdzi otrzymanie o\u015bwiadczenia na trwa\u0142ym no\u015bniku.<\/li>\n\n\n\n<li>Klient ponosi koszt odes\u0142ania towaru.<\/li>\n\n\n\n<li>Towar nale\u017cy zwr\u00f3ci\u0107 w terminie 30 dni od dnia odst\u0105pienia od umowy.<\/li>\n\n\n\n<li>Sprzedawca zwr\u00f3ci wszystkie dokonane przez Klienta p\u0142atno\u015bci w ci\u0105gu 14 dni od otrzymania o\u015bwiadczenia lub towaru.<\/li>\n<\/ol>\n\n\n\n<hr class=\"wp-block-separator has-alpha-channel-opacity\"\/>\n\n\n\n<h2 class=\"wp-block-heading\">\u00a7 7. Ograniczenia prawa odst\u0105pienia<\/h2>\n\n\n\n<p>Prawo odst\u0105pienia nie przys\u0142uguje w przypadku:<\/p>\n\n\n\n<ul class=\"wp-block-list\">\n<li>produkt\u00f3w wykonanych na zam\u00f3wienie lub wed\u0142ug specyfikacji Klienta,<\/li>\n\n\n\n<li>produkt\u00f3w higienicznych i osobistych (np. u\u017cywane r\u0119kawice bokserskie), je\u015bli opakowanie zosta\u0142o otwarte,<\/li>\n\n\n\n<li>towar\u00f3w, kt\u00f3re ze wzgl\u0119du na charakter zosta\u0142y nieroz\u0142\u0105cznie po\u0142\u0105czone z innymi przedmiotami po dostarczeniu,<\/li>\n\n\n\n<li>produkt\u00f3w z wyprzeda\u017cy lub promocji (chyba \u017ce s\u0105 wadliwe).<\/li>\n<\/ul>\n\n\n\n<hr class=\"wp-block-separator has-alpha-channel-opacity\"\/>\n\n\n\n<h2 class=\"wp-block-heading\">\u00a7 8. Zwroty<\/h2>\n\n\n\n<ol class=\"wp-block-list\">\n<li>Aby dokona\u0107 zwrotu, produkt musi by\u0107 nieu\u017cywany i w oryginalnym opakowaniu.<\/li>\n\n\n\n<li>Wymagany jest paragon lub inny dow\u00f3d zakupu.<\/li>\n\n\n\n<li>Zwroty prosimy kierowa\u0107 na adres:<br><strong>POLISHFIGHTERS, ul. Partyzant\u00f3w 23\/8, 43-300 Bielsko-Bia\u0142a<\/strong>.<\/li>\n\n\n\n<li>Klient ponosi koszt przesy\u0142ki zwrotnej.<\/li>\n\n\n\n<li>W przypadku dro\u017cszych produkt\u00f3w rekomendujemy przesy\u0142ki rejestrowane lub ubezpieczone \u2013 Sprzedawca nie odpowiada za ich zagubienie.<\/li>\n<\/ol>\n\n\n\n<hr class=\"wp-block-separator has-alpha-channel-opacity\"\/>\n\n\n\n<h2 class=\"wp-block-heading\">\u00a7 9. Wymiana produkt\u00f3w<\/h2>\n\n\n\n<ol class=\"wp-block-list\">\n<li>Wymiany s\u0105 realizowane tylko w przypadku wadliwego lub uszkodzonego towaru.<\/li>\n\n\n\n<li>Aby wymieni\u0107 produkt, nale\u017cy napisa\u0107 na <a href=\"mailto:kontakt@polishfighters.pl\">kontakt@polishfighters.pl<\/a> i odes\u0142a\u0107 go na wskazany adres.<\/li>\n\n\n\n<li>W przypadku akceptacji reklamacji koszt wysy\u0142ki pokrywa Sprzedawca.<\/li>\n<\/ol>\n\n\n\n<hr class=\"wp-block-separator has-alpha-channel-opacity\"\/>\n\n\n\n<h2 class=\"wp-block-heading\">\u00a7 10. Reklamacje<\/h2>\n\n\n\n<ol class=\"wp-block-list\">\n<li>Reklamacj\u0119 mo\u017cna z\u0142o\u017cy\u0107:\n<ul class=\"wp-block-list\">\n<li>e-mailowo MIT <a href=\"mailto:kontakt@polishfighters.pl\">kontakt@polishfighters.pl<\/a>,<\/li>\n\n\n\n<li>pisemnie MIT adres sklepu.<\/li>\n<\/ul>\n<\/li>\n\n\n\n<li>Reklamacja powinna zawiera\u0107:\n<ul class=\"wp-block-list\">\n<li>opis wady,<\/li>\n\n\n\n<li>\u017c\u0105danie Klienta,<\/li>\n\n\n\n<li>dow\u00f3d zakupu.<\/li>\n<\/ul>\n<\/li>\n\n\n\n<li>Sprzedawca ustosunkuje si\u0119 do reklamacji w ci\u0105gu 14 dni.<\/li>\n\n\n\n<li>W przypadku uznania reklamacji koszty naprawy, wymiany i przesy\u0142ki pokrywa Sprzedawca.<\/li>\n\n\n\n<li>Sprzedawca odpowiada za wady ujawnione w ci\u0105gu 2 lat od wydania towaru.<\/li>\n<\/ol>\n\n\n\n<hr class=\"wp-block-separator has-alpha-channel-opacity\"\/>\n\n\n\n<h2 class=\"wp-block-heading\">\u00a7 11. Dane osobowe<\/h2>\n\n\n\n<ol class=\"wp-block-list\">\n<li>Administratorem danych osobowych Klienta jest Sprzedawca.<\/li>\n\n\n\n<li>Dane przetwarzane s\u0105 w celu realizacji zam\u00f3wienia i zgodnie z Polityk\u0105 prywatno\u015bci sklepu.<\/li>\n\n\n\n<li>Klient ma prawo F\u00c3\u009cRst\u0119pu F\u00c3\u009cR swoich danych, ich poprawiania i usuni\u0119cia.<\/li>\n<\/ol>\n\n\n\n<hr class=\"wp-block-separator has-alpha-channel-opacity\"\/>\n\n\n\n<h2 class=\"wp-block-heading\">\u00a7 12. Postanowienia ko\u0144cowe<\/h2>\n\n\n\n<ol class=\"wp-block-list\">\n<li>Regulamin F\u00c3\u009cRst\u0119pny jest MIT stronie sklepu i mo\u017ce by\u0107 pobrany lub wydrukowany.<\/li>\n\n\n\n<li>Sprzedawca zastrzega prawo zmiany Regulaminu. Zam\u00f3wienia z\u0142o\u017cone przed zmian\u0105 realizowane s\u0105 na zasadach dotychczasowych.<\/li>\n\n\n\n<li>W sprawach nieuregulowanych zastosowanie maj\u0105 przepisy prawa polskiego.<\/li>\n\n\n\n<li>Spory rozstrzygane s\u0105 przez w\u0142a\u015bciwy s\u0105d powszechny. Konsument mo\u017ce te\u017c skorzysta\u0107 z pozas\u0105dowych sposob\u00f3w rozwi\u0105zywania spor\u00f3w \u2013 szczeg\u00f3\u0142y na stronie <a href=\"http:\/\/www.uokik.gov.pl\/\">www.uokik.gov.pl<\/a>.<\/li>\n<\/ol>\n\n\n\n<hr class=\"wp-block-separator has-alpha-channel-opacity\"\/>\n\n\n\n<p><\/p>\n\n\n\n<p>Zapraszamy do zakup\u00f3w! <\/p>","protected":false},"excerpt":{"rendered":"<p>REGULAMIN SKLEPU INTERNETOWEGO POLISHFIGHTERS.PL \u00a7 1. Definicje Regulamin \u2013 niniejszy dokument okre\u015blaj\u0105cy zasady sprzeda\u017cy w sklepie internetowym POLISHFIGHTERS.PL. Klient \u2013 osoba fizyczna, osoba prawna lub jednostka organizacyjna nieposiadaj\u0105ca osobowo\u015bci prawnej, kt\u00f3ra dokonuje zakupu w sklepie. Konsument \u2013 osoba fizyczna dokonuj\u0105ca zakupu niezwi\u0105zanego bezpo\u015brednio z jej dzia\u0142alno\u015bci\u0105 gospodarcz\u0105 lub zawodow\u0105. Przedsi\u0119biorca na prawach konsumenta \u2013 osoba [&hellip;]<\/p>\n","protected":false},"author":1,"featured_media":0,"parent":0,"menu_order":0,"comment_status":"closed","ping_status":"closed","template":"","meta":{"_uag_custom_page_level_css":"","site-sidebar-layout":"default","site-content-layout":"","ast-site-content-layout":"default","site-content-style":"default","site-sidebar-style":"default","ast-global-header-display":"","ast-banner-title-visibility":"","ast-main-header-display":"","ast-hfb-above-header-display":"","ast-hfb-below-header-display":"","ast-hfb-mobile-header-display":"","site-post-title":"","ast-breadcrumbs-content":"","ast-featured-img":"","footer-sml-layout":"","theme-transparent-header-meta":"","adv-header-id-meta":"","stick-header-meta":"","header-above-stick-meta":"","header-main-stick-meta":"","header-below-stick-meta":"","astra-migrate-meta-layouts":"set","ast-page-background-enabled":"default","ast-page-background-meta":{"desktop":{"background-color":"","background-image":"","background-repeat":"repeat","background-position":"center center","background-size":"auto","background-attachment":"scroll","background-type":"","background-media":"","overlay-type":"","overlay-color":"","overlay-opacity":"","overlay-gradient":""},"tablet":{"background-color":"","background-image":"","background-repeat":"repeat","background-position":"center center","background-size":"auto","background-attachment":"scroll","background-type":"","background-media":"","overlay-type":"","overlay-color":"","overlay-opacity":"","overlay-gradient":""},"mobile":{"background-color":"","background-image":"","background-repeat":"repeat","background-position":"center center","background-size":"auto","background-attachment":"scroll","background-type":"","background-media":"","overlay-type":"","overlay-color":"","overlay-opacity":"","overlay-gradient":""}},"ast-content-background-meta":{"desktop":{"background-color":"var(--ast-global-color-5)","background-image":"","background-repeat":"repeat","background-position":"center center","background-size":"auto","background-attachment":"scroll","background-type":"","background-media":"","overlay-type":"","overlay-color":"","overlay-opacity":"","overlay-gradient":""},"tablet":{"background-color":"var(--ast-global-color-5)","background-image":"","background-repeat":"repeat","background-position":"center center","background-size":"auto","background-attachment":"scroll","background-type":"","background-media":"","overlay-type":"","overlay-color":"","overlay-opacity":"","overlay-gradient":""},"mobile":{"background-color":"var(--ast-global-color-5)","background-image":"","background-repeat":"repeat","background-position":"center center","background-size":"auto","background-attachment":"scroll","background-type":"","background-media":"","overlay-type":"","overlay-color":"","overlay-opacity":"","overlay-gradient":""}},"footnotes":""},"class_list":["post-4627","page","type-page","status-publish","hentry"],"aioseo_notices":[],"uagb_featured_image_src":{"full":false,"thumbnail":false,"medium":false,"medium_large":false,"large":false,"1536x1536":false,"2048x2048":false,"trp-custom-language-flag":false,"woocommerce_thumbnail":false,"woocommerce_single":false,"woocommerce_gallery_thumbnail":false},"uagb_author_info":{"display_name":"Artur Makowski","author_link":"https:\/\/polishfighters.pl\/de\/author\/makowski-artgmail-com\/"},"uagb_comment_info":0,"uagb_excerpt":"REGULAMIN SKLEPU INTERNETOWEGO POLISHFIGHTERS.PL \u00a7 1. Definicje Regulamin \u2013 niniejszy dokument okre\u015blaj\u0105cy zasady sprzeda\u017cy w sklepie internetowym POLISHFIGHTERS.PL. Klient \u2013 osoba fizyczna, osoba prawna lub jednostka organizacyjna nieposiadaj\u0105ca osobowo\u015bci prawnej, kt\u00f3ra dokonuje zakupu w sklepie. Konsument \u2013 osoba fizyczna dokonuj\u0105ca zakupu niezwi\u0105zanego bezpo\u015brednio z jej dzia\u0142alno\u015bci\u0105 gospodarcz\u0105 lub zawodow\u0105. Przedsi\u0119biorca na prawach konsumenta \u2013 osoba&hellip;","_links":{"self":[{"href":"https:\/\/polishfighters.pl\/de\/wp-json\/wp\/v2\/pages\/4627","targetHints":{"allow":["GET"]}}],"collection":[{"href":"https:\/\/polishfighters.pl\/de\/wp-json\/wp\/v2\/pages"}],"about":[{"href":"https:\/\/polishfighters.pl\/de\/wp-json\/wp\/v2\/types\/page"}],"author":[{"embeddable":true,"href":"https:\/\/polishfighters.pl\/de\/wp-json\/wp\/v2\/users\/1"}],"replies":[{"embeddable":true,"href":"https:\/\/polishfighters.pl\/de\/wp-json\/wp\/v2\/comments?post=4627"}],"version-history":[{"count":6,"href":"https:\/\/polishfighters.pl\/de\/wp-json\/wp\/v2\/pages\/4627\/revisions"}],"predecessor-version":[{"id":6364,"href":"https:\/\/polishfighters.pl\/de\/wp-json\/wp\/v2\/pages\/4627\/revisions\/6364"}],"wp:attachment":[{"href":"https:\/\/polishfighters.pl\/de\/wp-json\/wp\/v2\/media?parent=4627"}],"curies":[{"name":"wp","href":"https:\/\/api.w.org\/{rel}","templated":true}]}}